{"id":7,"date":"2019-09-05T08:43:56","date_gmt":"2019-09-05T06:43:56","guid":{"rendered":"https:\/\/centrologopeda.com\/?p=7"},"modified":"2026-03-26T14:27:51","modified_gmt":"2026-03-26T13:27:51","slug":"sobre-nosotros","status":"publish","type":"page","link":"https:\/\/centrologopeda.com\/en\/sobre-nosotros\/","title":{"rendered":"About us"},"content":{"rendered":"<div>Centro de logopedia Granada | Fundador<\/div>\n<h1>Samuel Ortega Rom\u00e1n<\/h1>\n<div>\n<p><span>Perm\u00edtame presentarme, soy Samuel, el propietario del Centro de Logopedia Infantil y Adultos &quot;Logopeda Granada&quot;.<\/span><\/p>\n<p><span> Me gradu\u00e9 en Logopedia en la distinguida Universidad de Granada en 2019 y obtuve el M\u00e1ster en Atenci\u00f3n Temprana otorgado por la Universidad de San Jorge.<\/span><\/p>\n<p><span> Asimismo, cuento con la titulaci\u00f3n en Terapia Miofuncional y Logopedia Escolar de la prestigiosa Universidad de Nebrija. Adem\u00e1s de estas certificaciones, soy un experto apasionado en el tratamiento de la dislexia y la degluci\u00f3n at\u00edpica.<\/span><\/p>\n<\/p>\n<\/div>\n<p><img decoding=\"async\" src=\"\/wp-content\/uploads\/2023\/10\/Foto-del-logopeda-Samuel-Roman.png\" alt=\"Foto del logopeda Samuel Roman Ortega\"><br \/>\n<img decoding=\"async\" src=\"\/wp-content\/uploads\/yootheme\/gina-lange-dmd-hero-mobile.png\" alt=\"\"><\/p>\n<div>\n<p><span>Adem\u00e1s de mi labor profesional en la consulta, tambi\u00e9n la ampl\u00edo al ofrecer formaciones a otros profesionales en el campo de la logopedia. <\/span><\/p>\n<p><span data-olk-copy-source=\"MessageBody\">Esto lo llevo a cabo en la reconocida plataforma \u00abInfosal\u00bb, donde comparto todos mis conocimientos y experiencia como Logopeda.<\/span><\/p>\n<p><span> Esta oportunidad de ense\u00f1ar y aprender de otros expertos en el campo es una fuente constante de inspiraci\u00f3n y enriquecimiento tanto para m\u00ed como para quienes participan en estas formaciones.<\/span><\/p>\n<\/p>\n<\/div>\n<h2>Nuestras especialidades<\/h2>\n<div>\n<p><span>En el Centro de Logopedia Infantil y Adultos \u201cLogopeda Granada\u201d, nos especializamos en diversas \u00e1reas de la logopedia. <\/span><\/p>\n<\/div>\n<ul>\n<li>\n<p>        <img decoding=\"async\" src=\"\/wp-content\/uploads\/2023\/10\/Afasia.png\" alt=\"Afasia\"><\/p>\n<h3>Afasia<\/h3>\n<p><a href=\"https:\/\/centrologopeda.com\/servicios-de-logopedia\/afasia\/\"><\/a><\/p>\n<\/li>\n<li>\n<p>        <img decoding=\"async\" src=\"\/wp-content\/uploads\/2023\/10\/deglucion-atipica.png\" alt=\"degluci\u00f3n at\u00edpica\"><\/p>\n<h3>Degluci\u00f3n At\u00edpica<\/h3>\n<p><a href=\"https:\/\/centrologopeda.com\/servicios-de-logopedia\/deglucion-atipica\/\"><\/a><\/p>\n<\/li>\n<li>\n<p>        <img decoding=\"async\" src=\"\/wp-content\/uploads\/2023\/10\/Disfonia.png\" alt=\"Disfon\u00eda\"><\/p>\n<h3>Disfon\u00eda<\/h3>\n<p><a href=\"https:\/\/centrologopeda.com\/servicios-de-logopedia\/disfonia\/\"><\/a><\/p>\n<\/li>\n<li>\n<p>        <img decoding=\"async\" src=\"\/wp-content\/uploads\/2023\/10\/Dislexia.png\" alt=\"Dislexia\"><\/p>\n<h3>Dislexia<\/h3>\n<p><a href=\"https:\/\/centrologopeda.com\/servicios-de-logopedia\/dislexia\/\"><\/a><\/p>\n<\/li>\n<li>\n<p>        <img decoding=\"async\" src=\"\/wp-content\/uploads\/2023\/10\/Logopedia-escolar.png\" alt=\"Logopedia escolar\"><\/p>\n<h3>Logopedia Escolar<\/h3>\n<\/li>\n<li>\n<p>        <img decoding=\"async\" src=\"\/wp-content\/uploads\/2023\/10\/tdah.png\" alt=\"tdah\"><\/p>\n<h3>TDAH<\/h3>\n<p><a href=\"https:\/\/centrologopeda.com\/servicios-de-logopedia\/tdah\/\"><\/a><\/p>\n<\/li>\n<li>\n<p>        <img decoding=\"async\" src=\"\/wp-content\/uploads\/2023\/10\/TEL.png\" alt=\"TEL\"><\/p>\n<h3>TEL \/ TDL<\/h3>\n<p><a href=\"https:\/\/centrologopeda.com\/servicios-de-logopedia\/tel-tdl\/\"><\/a><\/p>\n<\/li>\n<li>\n<p>        <img decoding=\"async\" src=\"\/wp-content\/uploads\/2023\/10\/Terapia-miofuncional.png\" alt=\"Terapia miofuncional\"><\/p>\n<h3>Terapia Miofuncional<\/h3>\n<\/li>\n<\/ul>\n<h2>Descubre c\u00f3mo podemos ayudarte<\/h2>\n<div>\n<p><span>\u00a1Conoce todo lo que podemos hacer por ti!<\/span><\/p>\n<\/div>\n<p><p>\n        <a href=\"\/index.php?page_id=7\">Cont\u00e1ctame<\/a>\n    <\/p>\n<\/p>\n<p><!--more--><br \/>\n<!-- {\"type\":\"layout\",\"children\":[{\"type\":\"section\",\"props\":{\"css\":\".el-section{\\n    padding-bottom: 70px!important;\\n}\\n\\n\\n\",\"id\":\"about-me\",\"image_position\":\"center-center\",\"padding_bottom\":\"large\",\"padding_top\":\"large\",\"style\":\"default\",\"title_breakpoint\":\"xl\",\"title_position\":\"top-left\",\"title_rotation\":\"left\",\"vertical_align\":\"\",\"width\":\"default\"},\"children\":[{\"type\":\"row\",\"children\":[{\"type\":\"column\",\"props\":{\"image_position\":\"center-center\",\"position_sticky_breakpoint\":\"m\"},\"children\":[{\"type\":\"headline\",\"props\":{\"content\":\"Centro de logopedia Granada | Fundador\",\"image_align\":\"left\",\"image_margin\":\"xsmall\",\"text_align\":\"center\",\"title_color\":\"primary\",\"title_element\":\"div\",\"title_style\":\"h6\"}},{\"type\":\"headline\",\"props\":{\"content\":\"Samuel Ortega Rom\u00e1n\",\"image_align\":\"left\",\"image_margin\":\"xsmall\",\"margin_bottom\":\"small\",\"margin_top\":\"small\",\"text_align\":\"center\",\"title_element\":\"h1\"}},{\"type\":\"text\",\"props\":{\"block_align\":\"center\",\"column_breakpoint\":\"m\",\"content\":\"\n\n<p><span>Perm\u00edtame presentarme, soy Samuel, el propietario del Centro de Logopedia Infantil y Adultos &quot;Logopeda Granada&quot;.<\/span><\/p>\n\n\\n\n\n<p><span> Me gradu\u00e9 en Logopedia en la distinguida Universidad de Granada en 2019 y obtuve el M\u00e1ster en Atenci\u00f3n Temprana otorgado por la Universidad de San Jorge.<\/span><\/p>\n\n\\n\n\n<p><span> Asimismo, cuento con la titulaci\u00f3n en Terapia Miofuncional y Logopedia Escolar de la prestigiosa Universidad de Nebrija. Adem\u00e1s de estas certificaciones, soy un experto apasionado en el tratamiento de la dislexia y la degluci\u00f3n at\u00edpica.<\/span><\/p>\n\n\\n\n\n\n\n\",\"margin_bottom\":\"default\",\"margin_top\":\"default\",\"maxwidth\":\"xlarge\",\"text_align\":\"center\",\"text_style\":\"large\"}},{\"type\":\"image\",\"props\":{\"image\":\"wp-content\/uploads\/2023\/10\/Foto-del-logopeda-Samuel-Roman.png\",\"image_alt\":\"Foto del logopeda Samuel Roman Ortega\",\"image_loading\":true,\"image_svg_color\":\"emphasis\",\"image_width\":\"1200\",\"margin_bottom\":\"remove\",\"margin_top\":\"large\",\"text_align\":\"center\",\"visibility\":\"s\"}},{\"type\":\"image\",\"props\":{\"image\":\"wp-content\/uploads\/yootheme\/gina-lange-dmd-hero-mobile.png\",\"image_loading\":true,\"image_svg_color\":\"emphasis\",\"image_width\":\"610\",\"margin_bottom\":\"remove\",\"margin_top\":\"remove\",\"text_align\":\"center\",\"visibility\":\"hidden-s\"}},{\"type\":\"text\",\"props\":{\"block_align\":\"center\",\"column_breakpoint\":\"m\",\"content\":\"\n\n<p><span>Adem\u00e1s de mi labor profesional en la consulta, tambi\u00e9n la ampl\u00edo al ofrecer formaciones a otros profesionales en el campo de la logopedia. <\/span><\/p>\n\n\\n\n\n<p><span data-olk-copy-source=\\\"MessageBody\\\">Esto lo llevo a cabo en la reconocida plataforma \\\"Infosal\\\", donde comparto todos mis conocimientos y experiencia como Logopeda.<\/span><\/p>\n\n\\n\n\n<p><span> Esta oportunidad de ense\u00f1ar y aprender de otros expertos en el campo es una fuente constante de inspiraci\u00f3n y enriquecimiento tanto para m\u00ed como para quienes participan en estas formaciones.<\/span><\/p>\n\n\\n\n\n\n\n\",\"margin_bottom\":\"large\",\"margin_top\":\"large\",\"maxwidth\":\"xlarge\",\"text_align\":\"center\",\"text_style\":\"large\"}}]}]}],\"name\":\"Sobre mi\"},{\"type\":\"section\",\"props\":{\"image_position\":\"center-center\",\"overlap\":false,\"padding_bottom\":\"large\",\"padding_top\":\"none\",\"style\":\"default\",\"title_breakpoint\":\"xl\",\"title_position\":\"top-left\",\"title_rotation\":\"left\",\"vertical_align\":\"\",\"width\":\"small\"},\"children\":[{\"type\":\"row\",\"props\":{\"column_gap\":\"large\"},\"children\":[{\"type\":\"column\",\"props\":{\"image_position\":\"center-center\",\"position_sticky_breakpoint\":\"m\"},\"children\":[{\"type\":\"headline\",\"props\":{\"content\":\"Nuestras especialidades\",\"image_align\":\"left\",\"image_margin\":\"xsmall\",\"text_align\":\"center\",\"title_element\":\"h2\"}},{\"type\":\"text\",\"props\":{\"column_breakpoint\":\"m\",\"content\":\"\n\n<p><span>En el Centro de Logopedia Infantil y Adultos \u201cLogopeda Granada\u201d, nos especializamos en diversas \u00e1reas de la logopedia. <\/span><\/p>\n\n\\n\",\"margin_bottom\":\"default\",\"margin_top\":\"default\"}},{\"type\":\"grid\",\"props\":{\"content_column_breakpoint\":\"m\",\"filter_align\":\"left\",\"filter_all\":true,\"filter_grid_breakpoint\":\"m\",\"filter_grid_width\":\"auto\",\"filter_position\":\"top\",\"filter_style\":\"tab\",\"grid_column_gap\":\"small\",\"grid_default\":\"1\",\"grid_medium\":\"\",\"grid_row_gap\":\"small\",\"grid_small\":\"2\",\"image_align\":\"left\",\"image_grid_breakpoint\":\"\",\"image_grid_column_gap\":\"medium\",\"image_grid_width\":\"auto\",\"image_height\":\"68\",\"image_svg_color\":\"emphasis\",\"image_vertical_align\":true,\"image_width\":\"68\",\"item_animation\":true,\"lightbox_bg_close\":true,\"link_style\":\"default\",\"link_text\":\"\",\"margin_bottom\":\"medium\",\"margin_top\":\"medium\",\"meta_align\":\"below-title\",\"meta_element\":\"div\",\"meta_style\":\"text-meta\",\"panel_link\":true,\"panel_link_hover\":\"true\",\"panel_padding\":\"small\",\"panel_style\":\"card-default\",\"parallax_easing\":\"1\",\"show_content\":true,\"show_hover_image\":true,\"show_hover_video\":true,\"show_image\":true,\"show_link\":true,\"show_meta\":true,\"show_title\":true,\"show_video\":true,\"title_align\":\"top\",\"title_element\":\"h3\",\"title_grid_breakpoint\":\"m\",\"title_grid_width\":\"1-2\",\"title_hover_style\":\"reset\",\"title_style\":\"h4\"},\"children\":[{\"type\":\"grid_item\",\"props\":{\"image\":\"wp-content\/uploads\/2023\/10\/Afasia.png\",\"image_alt\":\"Afasia\",\"link\":\"https:\/\/centrologopeda.com\/servicios-de-logopedia\/afasia\/\",\"title\":\"Afasia\"}},{\"type\":\"grid_item\",\"props\":{\"image\":\"wp-content\/uploads\/2023\/10\/deglucion-atipica.png\",\"image_alt\":\"degluci\u00f3n at\u00edpica\",\"link\":\"https:\/\/centrologopeda.com\/servicios-de-logopedia\/deglucion-atipica\/\",\"title\":\"Degluci\u00f3n At\u00edpica\"}},{\"type\":\"grid_item\",\"props\":{\"image\":\"wp-content\/uploads\/2023\/10\/Disfonia.png\",\"image_alt\":\"Disfon\u00eda\",\"link\":\"https:\/\/centrologopeda.com\/servicios-de-logopedia\/disfonia\/\",\"meta\":\"\",\"title\":\"Disfon\u00eda\"}},{\"type\":\"grid_item\",\"props\":{\"image\":\"wp-content\/uploads\/2023\/10\/Dislexia.png\",\"image_alt\":\"Dislexia\",\"link\":\"https:\/\/centrologopeda.com\/servicios-de-logopedia\/dislexia\/\",\"title\":\"Dislexia\"}},{\"type\":\"grid_item\",\"props\":{\"image\":\"wp-content\/uploads\/2023\/10\/Logopedia-escolar.png\",\"image_alt\":\"Logopedia escolar\",\"title\":\"Logopedia Escolar\"}},{\"type\":\"grid_item\",\"props\":{\"image\":\"wp-content\/uploads\/2023\/10\/tdah.png\",\"image_alt\":\"tdah\",\"link\":\"https:\/\/centrologopeda.com\/servicios-de-logopedia\/tdah\/\",\"title\":\"TDAH\"}},{\"type\":\"grid_item\",\"props\":{\"image\":\"wp-content\/uploads\/2023\/10\/TEL.png\",\"image_alt\":\"TEL\",\"link\":\"https:\/\/centrologopeda.com\/servicios-de-logopedia\/tel-tdl\/\",\"title\":\"TEL \/ TDL\"}},{\"type\":\"grid_item\",\"props\":{\"image\":\"wp-content\/uploads\/2023\/10\/Terapia-miofuncional.png\",\"image_alt\":\"Terapia miofuncional\",\"title\":\"Terapia Miofuncional\"}}]}]}]}],\"name\":\"Mis especialidades\"},{\"type\":\"section\",\"props\":{\"image\":\"wp-content\/uploads\/2023\/10\/Diseno-sin-titulo-7.png\",\"image_position\":\"center-center\",\"image_size\":\"cover\",\"image_width\":\"2560\",\"padding_bottom\":\"large\",\"padding_top\":\"large\",\"style\":\"default\",\"text_color\":\"light\",\"title_breakpoint\":\"xl\",\"title_position\":\"top-left\",\"title_rotation\":\"left\",\"vertical_align\":\"\",\"width\":\"expand\"},\"children\":[{\"type\":\"row\",\"children\":[{\"type\":\"column\",\"props\":{\"image_position\":\"center-center\",\"position_sticky_breakpoint\":\"m\"},\"children\":[{\"type\":\"headline\",\"props\":{\"content\":\"Descubre c\u00f3mo podemos ayudarte\",\"image_align\":\"left\",\"image_margin\":\"xsmall\",\"maxwidth\":\"xlarge\",\"text_align\":\"left\",\"text_align_breakpoint\":\"s\",\"text_align_fallback\":\"center\",\"title_element\":\"h2\",\"title_style\":\"h1\"}},{\"type\":\"text\",\"props\":{\"column_breakpoint\":\"m\",\"content\":\"\n\n<p><span>\u00a1Conoce todo lo que podemos hacer por ti!<\/span><\/p>\n\n\",\"margin_bottom\":\"default\",\"margin_top\":\"default\",\"maxwidth\":\"xlarge\",\"text_align\":\"left\",\"text_align_breakpoint\":\"s\",\"text_align_fallback\":\"center\",\"text_color\":\"emphasis\",\"text_style\":\"lead\"}},{\"type\":\"button\",\"props\":{\"button_size\":\"large\",\"class\":\"get-date-btn\",\"grid_column_gap\":\"small\",\"grid_row_gap\":\"small\",\"margin_bottom\":\"medium\",\"margin_top\":\"medium\",\"text_align\":\"left\",\"text_align_breakpoint\":\"s\",\"text_align_fallback\":\"center\"},\"children\":[{\"type\":\"button_item\",\"props\":{\"button_style\":\"default\",\"content\":\"Cont\u00e1ctame\",\"dialog_layout\":\"modal\",\"dialog_offcanvas_flip\":true,\"icon_align\":\"left\",\"link\":\"index.php?page_id=7\"}}]}]}],\"props\":{\"width\":\"large\"}}],\"name\":\"Call to Action\",\"modified\":\"2021-07-28T09:45:54.236Z\"},{\"type\":\"section\",\"props\":{\"image_position\":\"center-center\",\"style\":\"default\",\"title_breakpoint\":\"xl\",\"title_position\":\"top-left\",\"title_rotation\":\"left\",\"vertical_align\":\"\",\"width\":\"default\"},\"children\":[{\"type\":\"row\",\"children\":[{\"type\":\"column\",\"props\":{\"image_position\":\"center-center\",\"position_sticky_breakpoint\":\"m\"}}]}]}],\"version\":\"5.0.19\"} --><\/p>\n","protected":false},"excerpt":{"rendered":"<p>Centro de logopedia Granada | Fundador Samuel Ortega Rom\u00e1n Perm\u00edtame presentarme, soy Samuel, el propietario del Centro de Logopedia Infantil y Adultos &quot;Logopeda Granada&quot;. Me gradu\u00e9 en Logopedia en la distinguida Universidad de Granada en 2019 y obtuve el M\u00e1ster en Atenci\u00f3n Temprana otorgado por la Universidad de San Jorge. Asimismo, cuento con la titulaci\u00f3n [&hellip;]<\/p>\n","protected":false},"author":1,"featured_media":1156,"parent":0,"menu_order":9,"comment_status":"open","ping_status":"closed","template":"","meta":{"_acf_changed":false,"_joinchat":[],"footnotes":""},"class_list":["post-7","page","type-page","status-publish","has-post-thumbnail","hentry"],"acf":[],"yoast_head":"<!-- This site is optimized with the Yoast SEO plugin v26.8 - https:\/\/yoast.com\/product\/yoast-seo-wordpress\/ -->\n<title>Sobre nosotros | Logopeda Granada<\/title>\n<meta name=\"description\" content=\"Descubre el Centro de Logopedia Granada. Ofrecemos servicios personalizados para mejorar la comunicaci\u00f3n y el habla.\" \/>\n<meta name=\"robots\" content=\"noindex, follow\" \/>\n<meta property=\"og:locale\" content=\"en_US\" \/>\n<meta property=\"og:type\" content=\"article\" \/>\n<meta property=\"og:title\" content=\"Sobre nosotros | Logopeda Granada\" \/>\n<meta property=\"og:description\" content=\"Descubre el Centro de Logopedia Granada. Ofrecemos servicios personalizados para mejorar la comunicaci\u00f3n y el habla.\" \/>\n<meta property=\"og:url\" content=\"https:\/\/centrologopeda.com\/en\/sobre-nosotros\/\" \/>\n<meta property=\"og:site_name\" content=\"Logopeda Granada\" \/>\n<meta property=\"article:publisher\" content=\"https:\/\/www.facebook.com\/logopedasamuelgranada\/\" \/>\n<meta property=\"article:modified_time\" content=\"2026-03-26T13:27:51+00:00\" \/>\n<meta property=\"og:image\" content=\"https:\/\/centrologopeda.com\/wp-content\/uploads\/2023\/10\/Samuel-Roman.jpg\" \/>\n\t<meta property=\"og:image:width\" content=\"510\" \/>\n\t<meta property=\"og:image:height\" content=\"230\" \/>\n\t<meta property=\"og:image:type\" content=\"image\/jpeg\" \/>\n<meta name=\"twitter:card\" content=\"summary_large_image\" \/>\n<meta name=\"twitter:label1\" content=\"Est. reading time\" \/>\n\t<meta name=\"twitter:data1\" content=\"3 minutes\" \/>\n<script type=\"application\/ld+json\" class=\"yoast-schema-graph\">{\"@context\":\"https:\/\/schema.org\",\"@graph\":[{\"@type\":\"WebPage\",\"@id\":\"https:\/\/centrologopeda.com\/sobre-nosotros\/\",\"url\":\"https:\/\/centrologopeda.com\/sobre-nosotros\/\",\"name\":\"Sobre nosotros | Logopeda Granada\",\"isPartOf\":{\"@id\":\"https:\/\/centrologopeda.com\/#website\"},\"primaryImageOfPage\":{\"@id\":\"https:\/\/centrologopeda.com\/sobre-nosotros\/#primaryimage\"},\"image\":{\"@id\":\"https:\/\/centrologopeda.com\/sobre-nosotros\/#primaryimage\"},\"thumbnailUrl\":\"https:\/\/centrologopeda.com\/wp-content\/uploads\/2023\/10\/Samuel-Roman.jpg\",\"datePublished\":\"2019-09-05T06:43:56+00:00\",\"dateModified\":\"2026-03-26T13:27:51+00:00\",\"description\":\"Descubre el Centro de Logopedia Granada. Ofrecemos servicios personalizados para mejorar la comunicaci\u00f3n y el habla.\",\"breadcrumb\":{\"@id\":\"https:\/\/centrologopeda.com\/sobre-nosotros\/#breadcrumb\"},\"inLanguage\":\"en-US\",\"potentialAction\":[{\"@type\":\"ReadAction\",\"target\":[\"https:\/\/centrologopeda.com\/sobre-nosotros\/\"]}]},{\"@type\":\"ImageObject\",\"inLanguage\":\"en-US\",\"@id\":\"https:\/\/centrologopeda.com\/sobre-nosotros\/#primaryimage\",\"url\":\"https:\/\/centrologopeda.com\/wp-content\/uploads\/2023\/10\/Samuel-Roman.jpg\",\"contentUrl\":\"https:\/\/centrologopeda.com\/wp-content\/uploads\/2023\/10\/Samuel-Roman.jpg\",\"width\":510,\"height\":230,\"caption\":\"Samuel, logopeda en Granada. Especialista en atenci\u00f3n temprana, terapia miofuncional, dislexia y degluci\u00f3n. \u00a1Descubre c\u00f3mo puedo ayudarte\u00a1\"},{\"@type\":\"BreadcrumbList\",\"@id\":\"https:\/\/centrologopeda.com\/sobre-nosotros\/#breadcrumb\",\"itemListElement\":[{\"@type\":\"ListItem\",\"position\":1,\"name\":\"Inicio\",\"item\":\"https:\/\/centrologopeda.com\/\"},{\"@type\":\"ListItem\",\"position\":2,\"name\":\"Sobre nosotros\"}]},{\"@type\":\"WebSite\",\"@id\":\"https:\/\/centrologopeda.com\/#website\",\"url\":\"https:\/\/centrologopeda.com\/\",\"name\":\"Centro de Logopedia Infantil y Adultos\",\"description\":\"Centro de logopedia en Granada\",\"publisher\":{\"@id\":\"https:\/\/centrologopeda.com\/#organization\"},\"alternateName\":\"Logopeda Granada\",\"potentialAction\":[{\"@type\":\"SearchAction\",\"target\":{\"@type\":\"EntryPoint\",\"urlTemplate\":\"https:\/\/centrologopeda.com\/?s={search_term_string}\"},\"query-input\":{\"@type\":\"PropertyValueSpecification\",\"valueRequired\":true,\"valueName\":\"search_term_string\"}}],\"inLanguage\":\"en-US\"},{\"@type\":\"Organization\",\"@id\":\"https:\/\/centrologopeda.com\/#organization\",\"name\":\"Centro de Logopedia Infantil y Adultos\",\"alternateName\":\"Logopeda Granada\",\"url\":\"https:\/\/centrologopeda.com\/\",\"logo\":{\"@type\":\"ImageObject\",\"inLanguage\":\"en-US\",\"@id\":\"https:\/\/centrologopeda.com\/#\/schema\/logo\/image\/\",\"url\":\"https:\/\/centrologopeda.com\/wp-content\/uploads\/2023\/10\/Logotipo-1.jpg\",\"contentUrl\":\"https:\/\/centrologopeda.com\/wp-content\/uploads\/2023\/10\/Logotipo-1.jpg\",\"width\":1109,\"height\":687,\"caption\":\"Centro de Logopedia Infantil y Adultos\"},\"image\":{\"@id\":\"https:\/\/centrologopeda.com\/#\/schema\/logo\/image\/\"},\"sameAs\":[\"https:\/\/www.facebook.com\/logopedasamuelgranada\/\",\"https:\/\/www.instagram.com\/logopedagranada\/\",\"https:\/\/www.doctoralia.es\/samuel-roman-ortega\/logopeda\/granada\"]}]}<\/script>\n<!-- \/ Yoast SEO plugin. -->","yoast_head_json":{"title":"Sobre nosotros | Logopeda Granada","description":"Descubre el Centro de Logopedia Granada. Ofrecemos servicios personalizados para mejorar la comunicaci\u00f3n y el habla.","robots":{"index":"noindex","follow":"follow"},"og_locale":"en_US","og_type":"article","og_title":"Sobre nosotros | Logopeda Granada","og_description":"Descubre el Centro de Logopedia Granada. Ofrecemos servicios personalizados para mejorar la comunicaci\u00f3n y el habla.","og_url":"https:\/\/centrologopeda.com\/en\/sobre-nosotros\/","og_site_name":"Logopeda Granada","article_publisher":"https:\/\/www.facebook.com\/logopedasamuelgranada\/","article_modified_time":"2026-03-26T13:27:51+00:00","og_image":[{"width":510,"height":230,"url":"https:\/\/centrologopeda.com\/wp-content\/uploads\/2023\/10\/Samuel-Roman.jpg","type":"image\/jpeg"}],"twitter_card":"summary_large_image","twitter_misc":{"Est. reading time":"3 minutes"},"schema":{"@context":"https:\/\/schema.org","@graph":[{"@type":"WebPage","@id":"https:\/\/centrologopeda.com\/sobre-nosotros\/","url":"https:\/\/centrologopeda.com\/sobre-nosotros\/","name":"Sobre nosotros | Logopeda Granada","isPartOf":{"@id":"https:\/\/centrologopeda.com\/#website"},"primaryImageOfPage":{"@id":"https:\/\/centrologopeda.com\/sobre-nosotros\/#primaryimage"},"image":{"@id":"https:\/\/centrologopeda.com\/sobre-nosotros\/#primaryimage"},"thumbnailUrl":"https:\/\/centrologopeda.com\/wp-content\/uploads\/2023\/10\/Samuel-Roman.jpg","datePublished":"2019-09-05T06:43:56+00:00","dateModified":"2026-03-26T13:27:51+00:00","description":"Descubre el Centro de Logopedia Granada. Ofrecemos servicios personalizados para mejorar la comunicaci\u00f3n y el habla.","breadcrumb":{"@id":"https:\/\/centrologopeda.com\/sobre-nosotros\/#breadcrumb"},"inLanguage":"en-US","potentialAction":[{"@type":"ReadAction","target":["https:\/\/centrologopeda.com\/sobre-nosotros\/"]}]},{"@type":"ImageObject","inLanguage":"en-US","@id":"https:\/\/centrologopeda.com\/sobre-nosotros\/#primaryimage","url":"https:\/\/centrologopeda.com\/wp-content\/uploads\/2023\/10\/Samuel-Roman.jpg","contentUrl":"https:\/\/centrologopeda.com\/wp-content\/uploads\/2023\/10\/Samuel-Roman.jpg","width":510,"height":230,"caption":"Samuel, logopeda en Granada. Especialista en atenci\u00f3n temprana, terapia miofuncional, dislexia y degluci\u00f3n. \u00a1Descubre c\u00f3mo puedo ayudarte\u00a1"},{"@type":"BreadcrumbList","@id":"https:\/\/centrologopeda.com\/sobre-nosotros\/#breadcrumb","itemListElement":[{"@type":"ListItem","position":1,"name":"Inicio","item":"https:\/\/centrologopeda.com\/"},{"@type":"ListItem","position":2,"name":"Sobre nosotros"}]},{"@type":"WebSite","@id":"https:\/\/centrologopeda.com\/#website","url":"https:\/\/centrologopeda.com\/","name":"Speech Therapy Centre for Children and Adults","description":"Centro de logopedia en Granada","publisher":{"@id":"https:\/\/centrologopeda.com\/#organization"},"alternateName":"Logopeda Granada","potentialAction":[{"@type":"SearchAction","target":{"@type":"EntryPoint","urlTemplate":"https:\/\/centrologopeda.com\/?s={search_term_string}"},"query-input":{"@type":"PropertyValueSpecification","valueRequired":true,"valueName":"search_term_string"}}],"inLanguage":"en-US"},{"@type":"Organization","@id":"https:\/\/centrologopeda.com\/#organization","name":"Speech Therapy Centre for Children and Adults","alternateName":"Logopeda Granada","url":"https:\/\/centrologopeda.com\/","logo":{"@type":"ImageObject","inLanguage":"en-US","@id":"https:\/\/centrologopeda.com\/#\/schema\/logo\/image\/","url":"https:\/\/centrologopeda.com\/wp-content\/uploads\/2023\/10\/Logotipo-1.jpg","contentUrl":"https:\/\/centrologopeda.com\/wp-content\/uploads\/2023\/10\/Logotipo-1.jpg","width":1109,"height":687,"caption":"Centro de Logopedia Infantil y Adultos"},"image":{"@id":"https:\/\/centrologopeda.com\/#\/schema\/logo\/image\/"},"sameAs":["https:\/\/www.facebook.com\/logopedasamuelgranada\/","https:\/\/www.instagram.com\/logopedagranada\/","https:\/\/www.doctoralia.es\/samuel-roman-ortega\/logopeda\/granada"]}]}},"_links":{"self":[{"href":"https:\/\/centrologopeda.com\/en\/wp-json\/wp\/v2\/pages\/7","targetHints":{"allow":["GET"]}}],"collection":[{"href":"https:\/\/centrologopeda.com\/en\/wp-json\/wp\/v2\/pages"}],"about":[{"href":"https:\/\/centrologopeda.com\/en\/wp-json\/wp\/v2\/types\/page"}],"author":[{"embeddable":true,"href":"https:\/\/centrologopeda.com\/en\/wp-json\/wp\/v2\/users\/1"}],"replies":[{"embeddable":true,"href":"https:\/\/centrologopeda.com\/en\/wp-json\/wp\/v2\/comments?post=7"}],"version-history":[{"count":1,"href":"https:\/\/centrologopeda.com\/en\/wp-json\/wp\/v2\/pages\/7\/revisions"}],"predecessor-version":[{"id":2981,"href":"https:\/\/centrologopeda.com\/en\/wp-json\/wp\/v2\/pages\/7\/revisions\/2981"}],"wp:featuredmedia":[{"embeddable":true,"href":"https:\/\/centrologopeda.com\/en\/wp-json\/wp\/v2\/media\/1156"}],"wp:attachment":[{"href":"https:\/\/centrologopeda.com\/en\/wp-json\/wp\/v2\/media?parent=7"}],"curies":[{"name":"wp","href":"https:\/\/api.w.org\/{rel}","templated":true}]}}