{"id":2880,"date":"2026-03-10T10:58:24","date_gmt":"2026-03-10T09:58:24","guid":{"rendered":"https:\/\/centrologopeda.com\/?page_id=2880"},"modified":"2026-03-10T10:58:24","modified_gmt":"2026-03-10T09:58:24","slug":"afasia","status":"publish","type":"page","link":"https:\/\/centrologopeda.com\/en\/afasia\/","title":{"rendered":"Aphasia"},"content":{"rendered":"<p><img decoding=\"async\" src=\"\/wp-content\/uploads\/2023\/10\/Afasia.png\" alt=\"Afasia\"><\/p>\n<h1>\n<p style=\"text-align: center;\">Afasia<\/p>\n<\/h1>\n<div>\n<p align=\"center\" style=\"margin: 0cm; text-align: center; background: white;\"><span style=\"font-size: 15.0pt; font-family: 'Open Sans',sans-serif; color: #687186;\">Las afasias son un trastorno causado por un da\u00f1o cerebral adquirido (ictus, TCE\u2026), que afecta al lenguaje, ya sea el habla, la comprensi\u00f3n, la lectura y\/o la escritura.<o:p><\/o:p><\/span><\/p>\n<\/div>\n<p><img decoding=\"async\" src=\"\/wp-content\/uploads\/2023\/10\/Logopeda-Afasia.png\" alt=\"Logopeda Afasia\"><\/p>\n<h2>\u00bfC\u00f3mo trabajamos la afasia?<\/h2>\n<div>\n<h3>C\u00f3mo diagnosticamos la afasia<\/h3>\n<div>\n<ul>\n<li><strong>Evaluaci\u00f3n integral del lenguaje<\/strong>: mediante el uso y la administraci\u00f3n de los test BETA, Barcelona, WESTERN, etc., podemos evaluar todos los \u00e1mbitos del lenguaje del paciente para concretar el tipo de afasia que sufre.<\/li>\n<\/ul>\n<ul>\n<li><strong>Anamnesis y entrevista<\/strong>: recopilamos informaci\u00f3n sobre el historial m\u00e9dico, la naturaleza de la lesi\u00f3n cerebral y cualquier antecedente de trastornos del lenguaje o comunicaci\u00f3n.<\/li>\n<\/ul>\n<ul>\n<li><strong>Pruebas de habilidades espec\u00edficas<\/strong>: realizamos pruebas para evaluar \u00e1reas espec\u00edficas del lenguaje, como la fluidez verbal, la comprensi\u00f3n gramatical y la lectura.<\/li>\n<\/ul>\n<\/div>\n<\/div>\n<hr>\n<div>\n<h3>C\u00f3mo intervenimos en las afasias<\/h3>\n<div>\n<ul>\n<li><strong>Establecimiento de objetivos comunicativos<\/strong>: nuestro objetivo es que el paciente se pueda comunicar de una forma adecuada y eficaz, ya sea de forma verbal o no verbal, mejorando as\u00ed su d\u00eda a d\u00eda y el de su familia y entorno.<\/li>\n<\/ul>\n<ul>\n<li><strong>Estrategias de compensaci\u00f3n<\/strong>: ense\u00f1amos t\u00e9cnicas para ayudar al paciente a compensar las dificultades en la comunicaci\u00f3n, como el uso de gestos, dibujos o dispositivos de comunicaci\u00f3n alternativa.<\/li>\n<\/ul>\n<ul>\n<li><strong> <\/strong><strong>Trabajo \u00edntegro de las \u00e1reas afectadas: <\/strong>en consulta, trabajamos las \u00e1reas donde existe una mayor dificultad para conseguir la mayor rehabilitaci\u00f3n posible.<\/li>\n<\/ul>\n<\/div>\n<\/div>\n<hr>\n<div>\n<h3>Intervenci\u00f3n en el d\u00eda a d\u00eda del paciente<\/h3>\n<div>\n<ul>\n<li><strong>Colaboraci\u00f3n con familiares y cuidadores<\/strong>: brindamos orientaci\u00f3n a los familiares y cuidadores sobre c\u00f3mo apoyar al paciente en la comunicaci\u00f3n y facilitar el proceso de rehabilitaci\u00f3n.<\/li>\n<li><strong>Ejercicios para casa<\/strong>: damos las pautas necesarias para poder realizar parte del trabajo en casa, de cara a mantener los avances que conseguimos en consulta.<\/li>\n<li><strong>Uso de tecnolog\u00eda de asistencia<\/strong>: introducimos y se ense\u00f1amos a utilizar dispositivos o aplicaciones que pueden ayudar al paciente a comunicarse de manera efectiva. Tambi\u00e9n usamos medios alternativos de comunicaci\u00f3n anal\u00f3gicos, ya que no todos los pacientes entienden el uso de las nuevas tecnolog\u00edas.<\/li>\n<\/ul>\n<\/div>\n<\/div>\n<hr>\n<div>\n<h3>Valoraci\u00f3n del proceso de forma continua<\/h3>\n<div>\n<ul>\n<li>\n<p><strong>Monitorizaci\u00f3n del progreso comunicativo<\/strong>: realizamos evaluaciones regulares para medir los avances y ajustar el plan de tratamiento seg\u00fan sea necesario.<\/p>\n<\/li>\n<li>\n<p><strong>Adaptaci\u00f3n de estrategias y metodolog\u00edas<\/strong>: modificamos el enfoque terap\u00e9utico en funci\u00f3n de la evoluci\u00f3n del paciente y las necesidades cambiantes.<\/p>\n<\/li>\n<li>\n<p><strong>Incorporaci\u00f3n de tareas funcionales<\/strong>: integramos actividades cotidianas para asegurar que las habilidades adquiridas se apliquen de manera pr\u00e1ctica en la vida diaria.<\/p>\n<\/li>\n<\/ul>\n<\/div>\n<\/div>\n<p>\n    <a href=\"https:\/\/centrologopeda.com\/\">\u00a1Trata la afasia ya!<\/a>\n<\/p>\n<h3>\u00bfTienes alguna duda?<\/h3>\n<div>\n<p>Si a\u00fan estas indeciso o tienes alguna duda, no dudes en escribirme.<\/p>\n<\/div>\n<p>\n    <a href=\"\/index.php?page_id=8\">Cont\u00e1ctame<\/a>\n<\/p>\n<p><!--more--><br \/>\n<!-- {\"type\":\"layout\",\"children\":[{\"type\":\"section\",\"props\":{\"image_position\":\"center-center\",\"padding_remove_bottom\":true,\"style\":\"default\",\"title_breakpoint\":\"xl\",\"title_position\":\"top-left\",\"title_rotation\":\"left\",\"vertical_align\":\"middle\",\"width\":\"\"},\"children\":[{\"type\":\"row\",\"props\":{\"layout\":\"1-3,1-3,1-3\",\"margin\":\"remove-vertical\",\"row_gap\":\"large\",\"width\":\"expand\"},\"children\":[{\"type\":\"column\",\"props\":{\"image_position\":\"center-center\",\"position_sticky_breakpoint\":\"m\",\"vertical_align\":\"bottom\",\"width_large\":\"expand\"},\"children\":[{\"type\":\"image\",\"props\":{\"image\":\"wp-content\\\/uploads\\\/2023\\\/10\\\/Afasia.png\",\"image_alt\":\"Afasia\",\"image_svg_color\":\"emphasis\",\"image_width\":\"500\",\"margin\":\"default\"}}]},{\"type\":\"column\",\"props\":{\"image_position\":\"center-center\",\"position_sticky_breakpoint\":\"m\",\"vertical_align\":\"middle\",\"width_medium\":\"1-3\"},\"children\":[{\"type\":\"headline\",\"props\":{\"content\":\"\n\n<p style=\\\"text-align: center;\\\">Afasia<\\\/p>\",\"margin\":\"small\",\"text_align\":\"center\",\"title_element\":\"h1\"}},{\"type\":\"text\",\"props\":{\"block_align\":\"center\",\"column_breakpoint\":\"m\",\"content\":\"\n\n<p align=\\\"center\\\" style=\\\"margin: 0cm; text-align: center; background: white;\\\"><span style=\\\"font-size: 15.0pt; font-family: 'Open Sans',sans-serif; color: #687186;\\\">Las afasias son un trastorno causado por un da\\u00f1o cerebral adquirido (ictus, TCE\\u2026), que afecta al lenguaje, ya sea el habla, la comprensi\\u00f3n, la lectura y\\\/o la escritura.<o:p><\\\/o:p><\\\/span><\\\/p>\",\"margin\":\"default\",\"maxwidth\":\"xlarge\",\"text_align\":\"center\",\"text_style\":\"large\"}}]},{\"type\":\"column\",\"props\":{\"image_position\":\"center-center\",\"position_sticky_breakpoint\":\"m\",\"vertical_align\":\"bottom\",\"width_medium\":\"1-3\"},\"children\":[{\"type\":\"image\",\"props\":{\"image\":\"wp-content\\\/uploads\\\/2023\\\/10\\\/Logopeda-Afasia.png\",\"image_alt\":\"Logopeda Afasia\",\"image_loading\":true,\"image_svg_color\":\"emphasis\",\"image_width\":\"500\",\"margin\":\"remove-vertical\",\"text_align\":\"left\",\"visibility\":\"l\"}}]}]}],\"name\":\"Inicio\"},{\"type\":\"section\",\"props\":{\"image_position\":\"center-center\",\"padding\":\"large\",\"style\":\"default\",\"title_breakpoint\":\"xl\",\"title_position\":\"top-left\",\"title_rotation\":\"left\",\"vertical_align\":\"middle\",\"width\":\"default\"},\"children\":[{\"type\":\"row\",\"children\":[{\"type\":\"column\",\"props\":{\"image_position\":\"center-center\",\"position_sticky_breakpoint\":\"m\"},\"children\":[{\"type\":\"headline\",\"props\":{\"content\":\"\\u00bfC\\u00f3mo trabajamos la afasia?\",\"text_align\":\"center\",\"title_element\":\"h2\",\"title_style\":\"h2\"}}]}]},{\"type\":\"row\",\"props\":{\"column_gap\":\"large\",\"layout\":\"3-4,1-4\",\"row_gap\":\"large\",\"width\":\"large\"},\"children\":[{\"type\":\"column\",\"props\":{\"image_position\":\"center-center\",\"position_sticky_breakpoint\":\"m\",\"width_medium\":\"3-4\"},\"children\":[{\"type\":\"panel\",\"props\":{\"content\":\"\n\n<ul>\\n\n\n<li><strong>Evaluaci\\u00f3n integral del lenguaje<\\\/strong>: mediante el uso y la administraci\\u00f3n de los test BETA, Barcelona, WESTERN, etc., podemos evaluar todos los \\u00e1mbitos del lenguaje del paciente para concretar el tipo de afasia que sufre.<\\\/li>\\n<\\\/ul>\\n\n\n<p><\\\/p>\\n\n\n<ul>\\n\n\n<li><strong>Anamnesis y entrevista<\\\/strong>: recopilamos informaci\\u00f3n sobre el historial m\\u00e9dico, la naturaleza de la lesi\\u00f3n cerebral y cualquier antecedente de trastornos del lenguaje o comunicaci\\u00f3n.<\\\/li>\\n<\\\/ul>\\n\n\n<p><\\\/p>\\n\n\n<ul>\\n\n\n<li><strong>Pruebas de habilidades espec\\u00edficas<\\\/strong>: realizamos pruebas para evaluar \\u00e1reas espec\\u00edficas del lenguaje, como la fluidez verbal, la comprensi\\u00f3n gramatical y la lectura.<\\\/li>\\n<\\\/ul>\",\"content_column_breakpoint\":\"m\",\"icon_width\":80,\"image_align\":\"top\",\"image_grid_breakpoint\":\"m\",\"image_grid_width\":\"1-2\",\"image_svg_color\":\"emphasis\",\"link_style\":\"default\",\"link_text\":\"Read more\",\"margin\":\"default\",\"meta_align\":\"below-title\",\"meta_element\":\"div\",\"meta_style\":\"text-meta\",\"position_z_index\":\"1\",\"title\":\"C\\u00f3mo diagnosticamos la afasia\",\"title_align\":\"left\",\"title_element\":\"h3\",\"title_grid_breakpoint\":\"\",\"title_grid_width\":\"2-5\",\"title_hover_style\":\"reset\",\"title_style\":\"h3\"}},{\"type\":\"divider\",\"props\":{\"divider_element\":\"hr\",\"margin\":\"large\"}},{\"type\":\"panel\",\"props\":{\"content\":\"\n\n<ul>\\n\n\n<li><strong>Establecimiento de objetivos comunicativos<\\\/strong>: nuestro objetivo es que el paciente se pueda comunicar de una forma adecuada y eficaz, ya sea de forma verbal o no verbal, mejorando as\\u00ed su d\\u00eda a d\\u00eda y el de su familia y entorno.<\\\/li>\\n<\\\/ul>\\n\n\n<p><\\\/p>\\n\n\n<ul>\\n\n\n<li><strong>Estrategias de compensaci\\u00f3n<\\\/strong>: ense\\u00f1amos t\\u00e9cnicas para ayudar al paciente a compensar las dificultades en la comunicaci\\u00f3n, como el uso de gestos, dibujos o dispositivos de comunicaci\\u00f3n alternativa.<\\\/li>\\n<\\\/ul>\\n\n\n<p><\\\/p>\\n\n\n<ul>\\n\n\n<li><strong> <\\\/strong><strong>Trabajo \\u00edntegro de las \\u00e1reas afectadas: <\\\/strong>en consulta, trabajamos las \\u00e1reas donde existe una mayor dificultad para conseguir la mayor rehabilitaci\\u00f3n posible.<\\\/li>\\n<\\\/ul>\",\"content_column_breakpoint\":\"m\",\"icon_width\":80,\"image_align\":\"top\",\"image_grid_breakpoint\":\"m\",\"image_grid_width\":\"1-2\",\"image_svg_color\":\"emphasis\",\"link_style\":\"default\",\"link_text\":\"Read more\",\"margin\":\"default\",\"meta_align\":\"below-title\",\"meta_element\":\"div\",\"meta_style\":\"text-meta\",\"title\":\"C\\u00f3mo intervenimos en las afasias\",\"title_align\":\"left\",\"title_element\":\"h3\",\"title_grid_breakpoint\":\"m\",\"title_grid_width\":\"2-5\",\"title_hover_style\":\"reset\",\"title_style\":\"h3\"}},{\"type\":\"divider\",\"props\":{\"divider_element\":\"hr\",\"margin\":\"large\"}},{\"type\":\"panel\",\"props\":{\"content\":\"\n\n<ul>\\n\n\n<li><strong>Colaboraci\\u00f3n con familiares y cuidadores<\\\/strong>: brindamos orientaci\\u00f3n a los familiares y cuidadores sobre c\\u00f3mo apoyar al paciente en la comunicaci\\u00f3n y facilitar el proceso de rehabilitaci\\u00f3n.<\\\/li>\\n\n\n<li><strong>Ejercicios para casa<\\\/strong>: damos las pautas necesarias para poder realizar parte del trabajo en casa, de cara a mantener los avances que conseguimos en consulta.<\\\/li>\\n\n\n<li><strong>Uso de tecnolog\\u00eda de asistencia<\\\/strong>: introducimos y se ense\\u00f1amos a utilizar dispositivos o aplicaciones que pueden ayudar al paciente a comunicarse de manera efectiva. Tambi\\u00e9n usamos medios alternativos de comunicaci\\u00f3n anal\\u00f3gicos, ya que no todos los pacientes entienden el uso de las nuevas tecnolog\\u00edas.<\\\/li>\\n<\\\/ul>\",\"content_column_breakpoint\":\"m\",\"icon_width\":80,\"image_align\":\"top\",\"image_grid_breakpoint\":\"m\",\"image_grid_width\":\"1-2\",\"image_svg_color\":\"emphasis\",\"link_style\":\"default\",\"link_text\":\"Read more\",\"margin\":\"default\",\"meta_align\":\"below-title\",\"meta_element\":\"div\",\"meta_style\":\"text-meta\",\"title\":\"Intervenci\\u00f3n en el d\\u00eda a d\\u00eda del paciente\",\"title_align\":\"left\",\"title_element\":\"h3\",\"title_grid_breakpoint\":\"m\",\"title_grid_width\":\"2-5\",\"title_hover_style\":\"reset\",\"title_style\":\"h3\"}},{\"type\":\"divider\",\"props\":{\"divider_element\":\"hr\",\"margin\":\"large\"}},{\"type\":\"panel\",\"props\":{\"content\":\"\n\n<ul>\\n\n\n<li>\\n\n\n<p><strong>Monitorizaci\\u00f3n del progreso comunicativo<\\\/strong>: realizamos evaluaciones regulares para medir los avances y ajustar el plan de tratamiento seg\\u00fan sea necesario.<\\\/p>\\n<\\\/li>\\n\n\n<li>\\n\n\n<p><strong>Adaptaci\\u00f3n de estrategias y metodolog\\u00edas<\\\/strong>: modificamos el enfoque terap\\u00e9utico en funci\\u00f3n de la evoluci\\u00f3n del paciente y las necesidades cambiantes.<\\\/p>\\n<\\\/li>\\n\n\n<li>\\n\n\n<p><strong>Incorporaci\\u00f3n de tareas funcionales<\\\/strong>: integramos actividades cotidianas para asegurar que las habilidades adquiridas se apliquen de manera pr\\u00e1ctica en la vida diaria.<\\\/p>\\n<\\\/li>\\n<\\\/ul>\",\"content_column_breakpoint\":\"m\",\"icon_width\":80,\"image_align\":\"top\",\"image_grid_breakpoint\":\"m\",\"image_grid_width\":\"1-2\",\"image_svg_color\":\"emphasis\",\"link_style\":\"default\",\"link_text\":\"Read more\",\"margin\":\"default\",\"meta_align\":\"below-title\",\"meta_element\":\"div\",\"meta_style\":\"text-meta\",\"title\":\"Valoraci\\u00f3n del proceso de forma continua\",\"title_align\":\"left\",\"title_element\":\"h3\",\"title_grid_breakpoint\":\"m\",\"title_grid_width\":\"2-5\",\"title_hover_style\":\"reset\",\"title_style\":\"h3\"}}]},{\"type\":\"column\",\"props\":{\"image_position\":\"center-center\",\"position_sticky_breakpoint\":\"m\",\"width_medium\":\"1-4\"}}]}],\"name\":\"Servicios\"},{\"type\":\"section\",\"props\":{\"class\":\"get-date-btn\",\"image_position\":\"center-center\",\"padding_remove_top\":true,\"style\":\"default\",\"title_breakpoint\":\"xl\",\"title_position\":\"top-left\",\"title_rotation\":\"left\",\"vertical_align\":\"middle\",\"width\":\"default\"},\"children\":[{\"type\":\"row\",\"children\":[{\"type\":\"column\",\"props\":{\"image_position\":\"center-center\",\"position_sticky_breakpoint\":\"m\"},\"children\":[{\"type\":\"button\",\"props\":{\"grid_column_gap\":\"small\",\"grid_row_gap\":\"small\",\"margin\":\"default\",\"text_align\":\"center\"},\"children\":[{\"type\":\"button_item\",\"props\":{\"button_style\":\"primary\",\"content\":\"\\u00a1Trata la afasia ya!\",\"icon_align\":\"left\",\"link\":\"https:\\\/\\\/centrologopeda.com\\\/\"}}]}]}]}],\"name\":\"CTA\"},{\"type\":\"section\",\"props\":{\"image\":\"wp-content\\\/uploads\\\/yootheme\\\/cta-bg.svg\",\"image_position\":\"center-right\",\"image_size\":\"height-1-1\",\"image_width\":\"800\",\"media_visibility\":\"s\",\"padding\":\"large\",\"style\":\"secondary\",\"title_breakpoint\":\"xl\",\"title_position\":\"top-left\",\"title_rotation\":\"left\",\"vertical_align\":\"middle\",\"width\":\"default\"},\"children\":[{\"type\":\"row\",\"props\":{\"layout\":\"2-3,1-3\",\"width\":\"large\"},\"children\":[{\"type\":\"column\",\"props\":{\"image_position\":\"center-center\",\"position_sticky_breakpoint\":\"m\",\"width_medium\":\"2-3\"},\"children\":[{\"type\":\"headline\",\"props\":{\"content\":\"\\u00bfTienes alguna duda?\",\"maxwidth\":\"large\",\"maxwidth_breakpoint\":\"s\",\"text_align\":\"left\",\"text_align_breakpoint\":\"s\",\"text_align_fallback\":\"center\",\"title_element\":\"h3\",\"title_style\":\"h2\"}},{\"type\":\"text\",\"props\":{\"column_breakpoint\":\"m\",\"content\":\"\n\n<p>Si a\\u00fan estas indeciso o tienes alguna duda, no dudes en escribirme.<\\\/p>\",\"margin\":\"default\",\"maxwidth\":\"large\",\"maxwidth_breakpoint\":\"s\",\"text_align\":\"left\",\"text_align_breakpoint\":\"s\",\"text_align_fallback\":\"center\",\"text_color\":\"emphasis\"}}]},{\"type\":\"column\",\"props\":{\"image_position\":\"center-center\",\"position_sticky_breakpoint\":\"m\",\"vertical_align\":\"middle\",\"width_medium\":\"1-3\"},\"children\":[{\"type\":\"button\",\"props\":{\"grid_column_gap\":\"small\",\"grid_row_gap\":\"small\",\"margin\":\"default\"},\"children\":[{\"type\":\"button_item\",\"props\":{\"button_style\":\"default\",\"content\":\"Cont\\u00e1ctame\",\"icon_align\":\"left\",\"link\":\"index.php?page_id=8\"}}]}]}]}],\"name\":\"Cont\\u00e1ctame\"}],\"version\":\"4.1.2\"} --><\/p>\n","protected":false},"excerpt":{"rendered":"<p>Afasia Las afasias son un trastorno causado por un da\u00f1o cerebral adquirido (ictus, TCE\u2026), que afecta al lenguaje, ya sea el habla, la comprensi\u00f3n, la lectura y\/o la escritura. \u00bfC\u00f3mo trabajamos la afasia? C\u00f3mo diagnosticamos la afasia Evaluaci\u00f3n integral del lenguaje: mediante el uso y la administraci\u00f3n de los test BETA, Barcelona, WESTERN, etc., podemos [&hellip;]<\/p>\n","protected":false},"author":1,"featured_media":1539,"parent":0,"menu_order":0,"comment_status":"open","ping_status":"closed","template":"","meta":{"_acf_changed":false,"_joinchat":[],"footnotes":""},"class_list":["post-2880","page","type-page","status-publish","has-post-thumbnail","hentry"],"acf":[],"yoast_head":"<!-- This site is optimized with the Yoast SEO plugin v26.8 - https:\/\/yoast.com\/product\/yoast-seo-wordpress\/ -->\n<title>Afasia | Logopeda Granada<\/title>\n<meta name=\"description\" content=\"Servicios de apoyo para la afasia en Granada. Ayudamos a mejorar la comunicaci\u00f3n con terapias personalizadas\" \/>\n<meta name=\"robots\" content=\"index, follow, max-snippet:-1, max-image-preview:large, max-video-preview:-1\" \/>\n<link rel=\"canonical\" href=\"https:\/\/centrologopeda.com\/en\/afasia\/\" \/>\n<meta property=\"og:locale\" content=\"en_US\" \/>\n<meta property=\"og:type\" content=\"article\" \/>\n<meta property=\"og:title\" content=\"Afasia | Logopeda Granada\" \/>\n<meta property=\"og:description\" content=\"Servicios de apoyo para la afasia en Granada. Ayudamos a mejorar la comunicaci\u00f3n con terapias personalizadas\" \/>\n<meta property=\"og:url\" content=\"https:\/\/centrologopeda.com\/en\/afasia\/\" \/>\n<meta property=\"og:site_name\" content=\"Logopeda Granada\" \/>\n<meta property=\"article:publisher\" content=\"https:\/\/www.facebook.com\/logopedasamuelgranada\/\" \/>\n<meta property=\"og:image\" content=\"https:\/\/centrologopeda.com\/wp-content\/uploads\/2023\/10\/Afasia.png\" \/>\n\t<meta property=\"og:image:width\" content=\"800\" \/>\n\t<meta property=\"og:image:height\" content=\"800\" \/>\n\t<meta property=\"og:image:type\" content=\"image\/png\" \/>\n<meta name=\"twitter:card\" content=\"summary_large_image\" \/>\n<meta name=\"twitter:label1\" content=\"Est. reading time\" \/>\n\t<meta name=\"twitter:data1\" content=\"3 minutes\" \/>\n<script type=\"application\/ld+json\" class=\"yoast-schema-graph\">{\"@context\":\"https:\/\/schema.org\",\"@graph\":[{\"@type\":\"WebPage\",\"@id\":\"https:\/\/centrologopeda.com\/afasia\/\",\"url\":\"https:\/\/centrologopeda.com\/afasia\/\",\"name\":\"Afasia | Logopeda Granada\",\"isPartOf\":{\"@id\":\"https:\/\/centrologopeda.com\/#website\"},\"primaryImageOfPage\":{\"@id\":\"https:\/\/centrologopeda.com\/afasia\/#primaryimage\"},\"image\":{\"@id\":\"https:\/\/centrologopeda.com\/afasia\/#primaryimage\"},\"thumbnailUrl\":\"https:\/\/centrologopeda.com\/wp-content\/uploads\/2023\/10\/Afasia.png\",\"datePublished\":\"2026-03-10T09:58:24+00:00\",\"description\":\"Servicios de apoyo para la afasia en Granada. Ayudamos a mejorar la comunicaci\u00f3n con terapias personalizadas\",\"breadcrumb\":{\"@id\":\"https:\/\/centrologopeda.com\/afasia\/#breadcrumb\"},\"inLanguage\":\"en-US\",\"potentialAction\":[{\"@type\":\"ReadAction\",\"target\":[\"https:\/\/centrologopeda.com\/afasia\/\"]}]},{\"@type\":\"ImageObject\",\"inLanguage\":\"en-US\",\"@id\":\"https:\/\/centrologopeda.com\/afasia\/#primaryimage\",\"url\":\"https:\/\/centrologopeda.com\/wp-content\/uploads\/2023\/10\/Afasia.png\",\"contentUrl\":\"https:\/\/centrologopeda.com\/wp-content\/uploads\/2023\/10\/Afasia.png\",\"width\":800,\"height\":800,\"caption\":\"Afasia Logopeda Granada\"},{\"@type\":\"BreadcrumbList\",\"@id\":\"https:\/\/centrologopeda.com\/afasia\/#breadcrumb\",\"itemListElement\":[{\"@type\":\"ListItem\",\"position\":1,\"name\":\"Inicio\",\"item\":\"https:\/\/centrologopeda.com\/\"},{\"@type\":\"ListItem\",\"position\":2,\"name\":\"Afasia\"}]},{\"@type\":\"WebSite\",\"@id\":\"https:\/\/centrologopeda.com\/#website\",\"url\":\"https:\/\/centrologopeda.com\/\",\"name\":\"Centro de Logopedia Infantil y Adultos\",\"description\":\"Centro de logopedia en Granada\",\"publisher\":{\"@id\":\"https:\/\/centrologopeda.com\/#organization\"},\"alternateName\":\"Logopeda Granada\",\"potentialAction\":[{\"@type\":\"SearchAction\",\"target\":{\"@type\":\"EntryPoint\",\"urlTemplate\":\"https:\/\/centrologopeda.com\/?s={search_term_string}\"},\"query-input\":{\"@type\":\"PropertyValueSpecification\",\"valueRequired\":true,\"valueName\":\"search_term_string\"}}],\"inLanguage\":\"en-US\"},{\"@type\":\"Organization\",\"@id\":\"https:\/\/centrologopeda.com\/#organization\",\"name\":\"Centro de Logopedia Infantil y Adultos\",\"alternateName\":\"Logopeda Granada\",\"url\":\"https:\/\/centrologopeda.com\/\",\"logo\":{\"@type\":\"ImageObject\",\"inLanguage\":\"en-US\",\"@id\":\"https:\/\/centrologopeda.com\/#\/schema\/logo\/image\/\",\"url\":\"https:\/\/centrologopeda.com\/wp-content\/uploads\/2023\/10\/Logotipo-1.jpg\",\"contentUrl\":\"https:\/\/centrologopeda.com\/wp-content\/uploads\/2023\/10\/Logotipo-1.jpg\",\"width\":1109,\"height\":687,\"caption\":\"Centro de Logopedia Infantil y Adultos\"},\"image\":{\"@id\":\"https:\/\/centrologopeda.com\/#\/schema\/logo\/image\/\"},\"sameAs\":[\"https:\/\/www.facebook.com\/logopedasamuelgranada\/\",\"https:\/\/www.instagram.com\/logopedagranada\/\",\"https:\/\/www.doctoralia.es\/samuel-roman-ortega\/logopeda\/granada\"]}]}<\/script>\n<!-- \/ Yoast SEO plugin. -->","yoast_head_json":{"title":"Afasia | Logopeda Granada","description":"Servicios de apoyo para la afasia en Granada. Ayudamos a mejorar la comunicaci\u00f3n con terapias personalizadas","robots":{"index":"index","follow":"follow","max-snippet":"max-snippet:-1","max-image-preview":"max-image-preview:large","max-video-preview":"max-video-preview:-1"},"canonical":"https:\/\/centrologopeda.com\/en\/afasia\/","og_locale":"en_US","og_type":"article","og_title":"Afasia | Logopeda Granada","og_description":"Servicios de apoyo para la afasia en Granada. Ayudamos a mejorar la comunicaci\u00f3n con terapias personalizadas","og_url":"https:\/\/centrologopeda.com\/en\/afasia\/","og_site_name":"Logopeda Granada","article_publisher":"https:\/\/www.facebook.com\/logopedasamuelgranada\/","og_image":[{"width":800,"height":800,"url":"https:\/\/centrologopeda.com\/wp-content\/uploads\/2023\/10\/Afasia.png","type":"image\/png"}],"twitter_card":"summary_large_image","twitter_misc":{"Est. reading time":"3 minutes"},"schema":{"@context":"https:\/\/schema.org","@graph":[{"@type":"WebPage","@id":"https:\/\/centrologopeda.com\/afasia\/","url":"https:\/\/centrologopeda.com\/afasia\/","name":"Afasia | Logopeda Granada","isPartOf":{"@id":"https:\/\/centrologopeda.com\/#website"},"primaryImageOfPage":{"@id":"https:\/\/centrologopeda.com\/afasia\/#primaryimage"},"image":{"@id":"https:\/\/centrologopeda.com\/afasia\/#primaryimage"},"thumbnailUrl":"https:\/\/centrologopeda.com\/wp-content\/uploads\/2023\/10\/Afasia.png","datePublished":"2026-03-10T09:58:24+00:00","description":"Servicios de apoyo para la afasia en Granada. Ayudamos a mejorar la comunicaci\u00f3n con terapias personalizadas","breadcrumb":{"@id":"https:\/\/centrologopeda.com\/afasia\/#breadcrumb"},"inLanguage":"en-US","potentialAction":[{"@type":"ReadAction","target":["https:\/\/centrologopeda.com\/afasia\/"]}]},{"@type":"ImageObject","inLanguage":"en-US","@id":"https:\/\/centrologopeda.com\/afasia\/#primaryimage","url":"https:\/\/centrologopeda.com\/wp-content\/uploads\/2023\/10\/Afasia.png","contentUrl":"https:\/\/centrologopeda.com\/wp-content\/uploads\/2023\/10\/Afasia.png","width":800,"height":800,"caption":"Afasia Logopeda Granada"},{"@type":"BreadcrumbList","@id":"https:\/\/centrologopeda.com\/afasia\/#breadcrumb","itemListElement":[{"@type":"ListItem","position":1,"name":"Inicio","item":"https:\/\/centrologopeda.com\/"},{"@type":"ListItem","position":2,"name":"Afasia"}]},{"@type":"WebSite","@id":"https:\/\/centrologopeda.com\/#website","url":"https:\/\/centrologopeda.com\/","name":"Speech Therapy Centre for Children and Adults","description":"Centro de logopedia en Granada","publisher":{"@id":"https:\/\/centrologopeda.com\/#organization"},"alternateName":"Logopeda Granada","potentialAction":[{"@type":"SearchAction","target":{"@type":"EntryPoint","urlTemplate":"https:\/\/centrologopeda.com\/?s={search_term_string}"},"query-input":{"@type":"PropertyValueSpecification","valueRequired":true,"valueName":"search_term_string"}}],"inLanguage":"en-US"},{"@type":"Organization","@id":"https:\/\/centrologopeda.com\/#organization","name":"Speech Therapy Centre for Children and Adults","alternateName":"Logopeda Granada","url":"https:\/\/centrologopeda.com\/","logo":{"@type":"ImageObject","inLanguage":"en-US","@id":"https:\/\/centrologopeda.com\/#\/schema\/logo\/image\/","url":"https:\/\/centrologopeda.com\/wp-content\/uploads\/2023\/10\/Logotipo-1.jpg","contentUrl":"https:\/\/centrologopeda.com\/wp-content\/uploads\/2023\/10\/Logotipo-1.jpg","width":1109,"height":687,"caption":"Centro de Logopedia Infantil y Adultos"},"image":{"@id":"https:\/\/centrologopeda.com\/#\/schema\/logo\/image\/"},"sameAs":["https:\/\/www.facebook.com\/logopedasamuelgranada\/","https:\/\/www.instagram.com\/logopedagranada\/","https:\/\/www.doctoralia.es\/samuel-roman-ortega\/logopeda\/granada"]}]}},"_links":{"self":[{"href":"https:\/\/centrologopeda.com\/en\/wp-json\/wp\/v2\/pages\/2880","targetHints":{"allow":["GET"]}}],"collection":[{"href":"https:\/\/centrologopeda.com\/en\/wp-json\/wp\/v2\/pages"}],"about":[{"href":"https:\/\/centrologopeda.com\/en\/wp-json\/wp\/v2\/types\/page"}],"author":[{"embeddable":true,"href":"https:\/\/centrologopeda.com\/en\/wp-json\/wp\/v2\/users\/1"}],"replies":[{"embeddable":true,"href":"https:\/\/centrologopeda.com\/en\/wp-json\/wp\/v2\/comments?post=2880"}],"version-history":[{"count":1,"href":"https:\/\/centrologopeda.com\/en\/wp-json\/wp\/v2\/pages\/2880\/revisions"}],"predecessor-version":[{"id":2900,"href":"https:\/\/centrologopeda.com\/en\/wp-json\/wp\/v2\/pages\/2880\/revisions\/2900"}],"wp:featuredmedia":[{"embeddable":true,"href":"https:\/\/centrologopeda.com\/en\/wp-json\/wp\/v2\/media\/1539"}],"wp:attachment":[{"href":"https:\/\/centrologopeda.com\/en\/wp-json\/wp\/v2\/media?parent=2880"}],"curies":[{"name":"wp","href":"https:\/\/api.w.org\/{rel}","templated":true}]}}