{"id":2071,"date":"2023-10-20T12:01:07","date_gmt":"2023-10-20T10:01:07","guid":{"rendered":"https:\/\/centrologopeda.com\/?page_id=2071"},"modified":"2023-12-11T10:11:49","modified_gmt":"2023-12-11T09:11:49","slug":"politica-de-cookies","status":"publish","type":"page","link":"https:\/\/centrologopeda.com\/en\/politica-de-cookies\/","title":{"rendered":"Cookie policy"},"content":{"rendered":"<h1>POL\u00cdTICA DE COOKIES<\/h1>\n<h2><a href=\"http:\/\/www.centrologopeda.com\">www.centrologopeda.com<\/a><\/h2>\n<div>\n<p>El acceso a este Sitio Web puede implicar la utilizaci\u00f3n de cookies. Las cookies son peque\u00f1as cantidades<br \/>de informaci\u00f3n que se almacenan en el navegador utilizado por cada Usuario \u2014en los distintos dispositivos<br \/>que pueda utilizar para navegar\u2014 para que el servidor recuerde cierta informaci\u00f3n que posteriormente y<br \/>\u00fanicamente el servidor que la implement\u00f3 leer\u00e1. Las cookies facilitan la navegaci\u00f3n, la hacen m\u00e1s<br \/>amigable, y no da\u00f1an el dispositivo de navegaci\u00f3n.<\/p>\n<p>Las cookies son procedimientos autom\u00e1ticos de recogida de informaci\u00f3n relativa a las preferencias<br \/>determinadas por el Usuario durante su visita al Sitio Web con el fin de reconocerlo como Usuario, y<br \/>personalizar su experiencia y el uso del Sitio Web, y pueden tambi\u00e9n, por ejemplo, ayudar a identificar y<br \/>resolver errores.<\/p>\n<p>La informaci\u00f3n recabada a trav\u00e9s de las cookies puede incluir la fecha y hora de visitas al Sitio Web, las<br \/>p\u00e1ginas visionadas, el tiempo que ha estado en el Sitio Web y los sitios visitados justo antes y despu\u00e9s del<br \/>mismo. Sin embargo, ninguna cookie permite que esta misma pueda contactarse con el n\u00famero de<br \/>tel\u00e9fono del Usuario o con cualquier otro medio de contacto personal. Ninguna cookie puede extraer<br \/>informaci\u00f3n del disco duro del Usuario o robar informaci\u00f3n personal. La \u00fanica manera de que la<br \/>informaci\u00f3n privada del Usuario forme parte del archivo Cookie es que el usuario d\u00e9 personalmente esa<br \/>informaci\u00f3n al servidor.<\/p>\n<p>Las cookies que permiten identificar a una persona se consideran datos personales. Por tanto, a las<br \/>mismas les ser\u00e1 de aplicaci\u00f3n la Pol\u00edtica de Privacidad anteriormente descrita. En este sentido, para la<br \/>utilizaci\u00f3n de las mismas ser\u00e1 necesario el consentimiento del Usuario. Este consentimiento ser\u00e1<br \/>comunicado, en base a una elecci\u00f3n aut\u00e9ntica, ofrecido mediante una decisi\u00f3n afirmativa y positiva, antes<br \/>del tratamiento inicial, removible y documentado.<\/p>\n<\/div>\n<h3>Cookies propias<\/h3>\n<div>\n<p>Son aquellas cookies que son enviadas al ordenador o dispositivo del Usuario y gestionadas<br \/>exclusivamente por Centro de Logopedia Infantil y Adultos \\&quot;Logopeda Granada\\&quot; para el mejor<br \/>funcionamiento del Sitio Web. La informaci\u00f3n que se recaba se emplea para mejorar la calidad del Sitio<br \/>Web y su Contenido y su experiencia como Usuario. Estas cookies permiten reconocer al Usuario como<br \/>visitante recurrente del Sitio Web y adaptar el contenido para ofrecerle contenidos que se ajusten a sus<br \/>preferencias.<\/p>\n<\/div>\n<h3>Cookies de terceros<\/h3>\n<div>\n<p>Son cookies utilizadas y gestionadas por entidades externas que proporcionan a Centro de Logopedia<br \/>Infantil y Adultos \\\u00bbLogopeda Granada\\\u00bb servicios solicitados por este mismo para mejorar el Sitio Web y la<br \/>experiencia del usuario al navegar en el Sitio Web. Los principales objetivos para los que se utilizan<br \/>cookies de terceros son la obtenci\u00f3n de estad\u00edsticas de accesos y analizar la informaci\u00f3n de la navegaci\u00f3n,<br \/>es decir, c\u00f3mo interact\u00faa el Usuario con el Sitio Web.<\/p>\n<p>La informaci\u00f3n que se obtiene se refiere, por ejemplo, al n\u00famero de p\u00e1ginas visitadas, el idioma, el lugar a<br \/>la que la direcci\u00f3n IP desde el que accede el Usuario, el n\u00famero de Usuarios que acceden, la frecuencia y<br \/>reincidencia de las visitas, el tiempo de visita, el navegador que usan, el operador o tipo de dispositivo<br \/>desde el que se realiza la visita. Esta informaci\u00f3n se utiliza para mejorar el Sitio Web, y detectar nuevas<br \/>necesidades para ofrecer a los Usuarios un Contenido y\/o servicio de \u00f3ptima calidad. En todo caso, la<br \/>informaci\u00f3n se recopila de forma an\u00f3nima y se elaboran informes de tendencias del Sitio Web sin<br \/>identificar a usuarios individuales.<\/p>\n<p>Puede obtener m\u00e1s informaci\u00f3n sobre las cookies, la informaci\u00f3n sobre la privacidad, o consultar la<br \/>descripci\u00f3n del tipo de cookies que se utiliza, sus principales caracter\u00edsticas, periodo de expiraci\u00f3n, etc. en<br \/>el siguiente(s) enlace(s):<\/p>\n<p><a rel='nofollow' href=\"https:\/\/policies.google.com\/privacy\">Google Analytics<\/a><\/p>\n<p>La(s) entidad(es) encargada(s) del suministro de cookies podr\u00e1(n) ceder esta informaci\u00f3n a terceros,<br \/>siempre y cuando lo exija la ley o sea un tercero el que procese esta informaci\u00f3n para dichas entidades.<\/p>\n<\/div>\n<h3>Cookies de redes sociales<\/h3>\n<div>\n<p>Centro de Logopedia Infantil y Adultos \\\u00bbLogopeda Granada\\\u00bb incorpora plugins de redes sociales, que<br \/>permiten acceder a las mismas a partir del Sitio Web. Por esta raz\u00f3n, las cookies de redes sociales pueden<br \/>almacenarse en el navegador del Usuario. Los titulares de dichas redes sociales disponen de sus propias<br \/>pol\u00edticas de protecci\u00f3n de datos y de cookies, siendo ellos mismos, en cada caso, responsables de sus<br \/>propios ficheros y de sus propias pr\u00e1cticas de privacidad. El Usuario debe referirse a las mismas para<br \/>informarse acerca de dichas cookies y, en su caso, del tratamiento de sus datos personales. \u00danicamente a<br \/>t\u00edtulo informativo se indican a continuaci\u00f3n los enlaces en los que se pueden consultar dichas pol\u00edticas de<br \/>privacidad y\/o de cookies:<\/p>\n<ul>\n<li><a rel='nofollow' href=\"https:\/\/www.facebook.com\/policies\/cookies\/\">Facebook<\/a><\/li>\n<li><a rel='nofollow' href=\"https:\/\/twitter.com\/es\/privacy\">Twitter<\/a><\/li>\n<li><a rel='nofollow' href=\"https:\/\/help.instagram.com\/1896641480634370?ref=ig\">Instagram<\/a><\/li>\n<li><a rel='nofollow' href=\"https:\/\/policies.google.com\/privacy?hl=es-419&amp;gl=mx\">YouTube<\/a><\/li>\n<li><a rel='nofollow' href=\"https:\/\/policy.pinterest.com\/es\/privacy-policy\">Pinterest<\/a><\/li>\n<li><a rel='nofollow' href=\"https:\/\/www.linkedin.com\/legal\/cookie-policy?trk=hp-cookies\">LinkedIn<\/a><\/li>\n<\/ul>\n<\/div>\n<h3>Deshabilitar, rechazar y eliminar cookies<\/h3>\n<div>\n<p>El Usuario puede deshabilitar, rechazar y eliminar las cookies \u2014total o parcialmente\u2014 instaladas en su<br \/>dispositivo mediante la configuraci\u00f3n de su navegador (entre los que se encuentran, por ejemplo, Chrome,<br \/>Firefox, Safari, Explorer). En este sentido, los procedimientos para rechazar y eliminar las cookies pueden<br \/>diferir de un navegador de Internet a otro. En consecuencia, el Usuario debe acudir a las instrucciones<br \/>facilitadas por el propio navegador de Internet que est\u00e9 utilizando. En el supuesto de que rechace el uso<br \/>de cookies \u2014total o parcialmente\u2014 podr\u00e1 seguir usando el Sitio Web, si bien podr\u00e1 tener limitada la<br \/>utilizaci\u00f3n de algunas de las prestaciones del mismo.<\/p>\n<\/div>\n<div>\n<style>\n    a.cky-banner-element {\n        padding: 8px 30px;\n        background: #F8F9FA;\n        color: #858A8F;\n        border: 1px solid #DEE2E6;\n        box-sizing: border-box;\n        border-radius: 2px;\n        cursor: pointer;\n}\n<\/style>\n<h3>Que tipo de cookies utiliza en esta p\u00e1gina web<\/h3>\n<div class=\"cky-audit-table-element\"><\/div>\n<\/div>\n<p><!--more--><br \/>\n<!-- {\"type\":\"layout\",\"children\":[{\"type\":\"section\",\"props\":{\"image_position\":\"center-center\",\"style\":\"default\",\"title_breakpoint\":\"xl\",\"title_position\":\"top-left\",\"title_rotation\":\"left\",\"vertical_align\":\"middle\",\"width\":\"default\"},\"children\":[{\"type\":\"row\",\"children\":[{\"type\":\"column\",\"props\":{\"image_position\":\"center-center\",\"position_sticky_breakpoint\":\"m\"},\"children\":[{\"type\":\"headline\",\"props\":{\"content\":\"POL\\u00cdTICA DE COOKIES\",\"text_align\":\"center\",\"title_element\":\"h1\"}},{\"type\":\"headline\",\"props\":{\"content\":\"<a href=\\\"http:\\\/\\\/www.centrologopeda.com\\\">www.centrologopeda.com<\\\/a>\",\"text_align\":\"center\",\"title_element\":\"h2\",\"title_style\":\"h3\"}}]}]}],\"name\":\"Cabecera\"},{\"type\":\"section\",\"props\":{\"image_position\":\"center-center\",\"padding_remove_top\":true,\"style\":\"default\",\"title_breakpoint\":\"xl\",\"title_position\":\"top-left\",\"title_rotation\":\"left\",\"vertical_align\":\"middle\",\"width\":\"default\"},\"children\":[{\"type\":\"row\",\"children\":[{\"type\":\"column\",\"props\":{\"image_position\":\"center-center\",\"position_sticky_breakpoint\":\"m\"},\"children\":[{\"type\":\"text\",\"props\":{\"column_breakpoint\":\"m\",\"content\":\"\n\n<p>El acceso a este Sitio Web puede implicar la utilizaci\\u00f3n de cookies. Las cookies son peque\\u00f1as cantidades<br \\\/>de informaci\\u00f3n que se almacenan en el navegador utilizado por cada Usuario \\u2014en los distintos dispositivos<br \\\/>que pueda utilizar para navegar\\u2014 para que el servidor recuerde cierta informaci\\u00f3n que posteriormente y<br \\\/>\\u00fanicamente el servidor que la implement\\u00f3 leer\\u00e1. Las cookies facilitan la navegaci\\u00f3n, la hacen m\\u00e1s<br \\\/>amigable, y no da\\u00f1an el dispositivo de navegaci\\u00f3n.<\\\/p>\\n\n\n<p>Las cookies son procedimientos autom\\u00e1ticos de recogida de informaci\\u00f3n relativa a las preferencias<br \\\/>determinadas por el Usuario durante su visita al Sitio Web con el fin de reconocerlo como Usuario, y<br \\\/>personalizar su experiencia y el uso del Sitio Web, y pueden tambi\\u00e9n, por ejemplo, ayudar a identificar y<br \\\/>resolver errores.<\\\/p>\\n\n\n<p>La informaci\\u00f3n recabada a trav\\u00e9s de las cookies puede incluir la fecha y hora de visitas al Sitio Web, las<br \\\/>p\\u00e1ginas visionadas, el tiempo que ha estado en el Sitio Web y los sitios visitados justo antes y despu\\u00e9s del<br \\\/>mismo. Sin embargo, ninguna cookie permite que esta misma pueda contactarse con el n\\u00famero de<br \\\/>tel\\u00e9fono del Usuario o con cualquier otro medio de contacto personal. Ninguna cookie puede extraer<br \\\/>informaci\\u00f3n del disco duro del Usuario o robar informaci\\u00f3n personal. La \\u00fanica manera de que la<br \\\/>informaci\\u00f3n privada del Usuario forme parte del archivo Cookie es que el usuario d\\u00e9 personalmente esa<br \\\/>informaci\\u00f3n al servidor.<\\\/p>\\n\n\n<p>Las cookies que permiten identificar a una persona se consideran datos personales. Por tanto, a las<br \\\/>mismas les ser\\u00e1 de aplicaci\\u00f3n la Pol\\u00edtica de Privacidad anteriormente descrita. En este sentido, para la<br \\\/>utilizaci\\u00f3n de las mismas ser\\u00e1 necesario el consentimiento del Usuario. Este consentimiento ser\\u00e1<br \\\/>comunicado, en base a una elecci\\u00f3n aut\\u00e9ntica, ofrecido mediante una decisi\\u00f3n afirmativa y positiva, antes<br \\\/>del tratamiento inicial, removible y documentado.<\\\/p>\",\"margin\":\"default\"}},{\"type\":\"headline\",\"props\":{\"content\":\"Cookies propias\",\"title_element\":\"h3\"}},{\"type\":\"text\",\"props\":{\"column_breakpoint\":\"m\",\"content\":\"\n\n<p>Son aquellas cookies que son enviadas al ordenador o dispositivo del Usuario y gestionadas<br \\\/>exclusivamente por Centro de Logopedia Infantil y Adultos \\\\&quot;Logopeda Granada\\\\&quot; para el mejor<br \\\/>funcionamiento del Sitio Web. La informaci\\u00f3n que se recaba se emplea para mejorar la calidad del Sitio<br \\\/>Web y su Contenido y su experiencia como Usuario. Estas cookies permiten reconocer al Usuario como<br \\\/>visitante recurrente del Sitio Web y adaptar el contenido para ofrecerle contenidos que se ajusten a sus<br \\\/>preferencias.<\\\/p>\",\"margin\":\"default\"}},{\"type\":\"headline\",\"props\":{\"content\":\"Cookies de terceros\",\"title_element\":\"h3\"}},{\"type\":\"text\",\"props\":{\"column_breakpoint\":\"m\",\"content\":\"\n\n<p>Son cookies utilizadas y gestionadas por entidades externas que proporcionan a Centro de Logopedia<br \\\/>Infantil y Adultos \\\\\\\"Logopeda Granada\\\\\\\" servicios solicitados por este mismo para mejorar el Sitio Web y la<br \\\/>experiencia del usuario al navegar en el Sitio Web. Los principales objetivos para los que se utilizan<br \\\/>cookies de terceros son la obtenci\\u00f3n de estad\\u00edsticas de accesos y analizar la informaci\\u00f3n de la navegaci\\u00f3n,<br \\\/>es decir, c\\u00f3mo interact\\u00faa el Usuario con el Sitio Web.<\\\/p>\\n\n\n<p>La informaci\\u00f3n que se obtiene se refiere, por ejemplo, al n\\u00famero de p\\u00e1ginas visitadas, el idioma, el lugar a<br \\\/>la que la direcci\\u00f3n IP desde el que accede el Usuario, el n\\u00famero de Usuarios que acceden, la frecuencia y<br \\\/>reincidencia de las visitas, el tiempo de visita, el navegador que usan, el operador o tipo de dispositivo<br \\\/>desde el que se realiza la visita. Esta informaci\\u00f3n se utiliza para mejorar el Sitio Web, y detectar nuevas<br \\\/>necesidades para ofrecer a los Usuarios un Contenido y\\\/o servicio de \\u00f3ptima calidad. En todo caso, la<br \\\/>informaci\\u00f3n se recopila de forma an\\u00f3nima y se elaboran informes de tendencias del Sitio Web sin<br \\\/>identificar a usuarios individuales.<\\\/p>\\n\n\n<p>Puede obtener m\\u00e1s informaci\\u00f3n sobre las cookies, la informaci\\u00f3n sobre la privacidad, o consultar la<br \\\/>descripci\\u00f3n del tipo de cookies que se utiliza, sus principales caracter\\u00edsticas, periodo de expiraci\\u00f3n, etc. en<br \\\/>el siguiente(s) enlace(s):<\\\/p>\\n\n\n<p><a rel='nofollow' href=\\\"https:\\\/\\\/policies.google.com\\\/privacy\\\">Google Analytics<\\\/a><\\\/p>\\n\n\n<p>La(s) entidad(es) encargada(s) del suministro de cookies podr\\u00e1(n) ceder esta informaci\\u00f3n a terceros,<br \\\/>siempre y cuando lo exija la ley o sea un tercero el que procese esta informaci\\u00f3n para dichas entidades.<\\\/p>\",\"margin\":\"default\"}},{\"type\":\"headline\",\"props\":{\"content\":\"Cookies de redes sociales\",\"title_element\":\"h3\"}},{\"type\":\"text\",\"props\":{\"column_breakpoint\":\"m\",\"content\":\"\n\n<p>Centro de Logopedia Infantil y Adultos \\\\\\\"Logopeda Granada\\\\\\\" incorpora plugins de redes sociales, que<br \\\/>permiten acceder a las mismas a partir del Sitio Web. Por esta raz\\u00f3n, las cookies de redes sociales pueden<br \\\/>almacenarse en el navegador del Usuario. Los titulares de dichas redes sociales disponen de sus propias<br \\\/>pol\\u00edticas de protecci\\u00f3n de datos y de cookies, siendo ellos mismos, en cada caso, responsables de sus<br \\\/>propios ficheros y de sus propias pr\\u00e1cticas de privacidad. El Usuario debe referirse a las mismas para<br \\\/>informarse acerca de dichas cookies y, en su caso, del tratamiento de sus datos personales. \\u00danicamente a<br \\\/>t\\u00edtulo informativo se indican a continuaci\\u00f3n los enlaces en los que se pueden consultar dichas pol\\u00edticas de<br \\\/>privacidad y\\\/o de cookies:<\\\/p>\\n\n\n<ul>\\n\n\n<li><a rel='nofollow' href=\\\"https:\\\/\\\/www.facebook.com\\\/policies\\\/cookies\\\/\\\">Facebook<\\\/a><\\\/li>\\n\n\n<li><a rel='nofollow' href=\\\"https:\\\/\\\/twitter.com\\\/es\\\/privacy\\\">Twitter<\\\/a><\\\/li>\\n\n\n<li><a rel='nofollow' href=\\\"https:\\\/\\\/help.instagram.com\\\/1896641480634370?ref=ig\\\">Instagram<\\\/a><\\\/li>\\n\n\n<li><a rel='nofollow' href=\\\"https:\\\/\\\/policies.google.com\\\/privacy?hl=es-419&amp;gl=mx\\\">YouTube<\\\/a><\\\/li>\\n\n\n<li><a rel='nofollow' href=\\\"https:\\\/\\\/policy.pinterest.com\\\/es\\\/privacy-policy\\\">Pinterest<\\\/a><\\\/li>\\n\n\n<li><a rel='nofollow' href=\\\"https:\\\/\\\/www.linkedin.com\\\/legal\\\/cookie-policy?trk=hp-cookies\\\">LinkedIn<\\\/a><\\\/li>\\n<\\\/ul>\",\"margin\":\"default\"}},{\"type\":\"headline\",\"props\":{\"content\":\"Deshabilitar, rechazar y eliminar cookies\",\"title_element\":\"h3\"}},{\"type\":\"text\",\"props\":{\"column_breakpoint\":\"m\",\"content\":\"\n\n<p>El Usuario puede deshabilitar, rechazar y eliminar las cookies \\u2014total o parcialmente\\u2014 instaladas en su<br \\\/>dispositivo mediante la configuraci\\u00f3n de su navegador (entre los que se encuentran, por ejemplo, Chrome,<br \\\/>Firefox, Safari, Explorer). En este sentido, los procedimientos para rechazar y eliminar las cookies pueden<br \\\/>diferir de un navegador de Internet a otro. En consecuencia, el Usuario debe acudir a las instrucciones<br \\\/>facilitadas por el propio navegador de Internet que est\\u00e9 utilizando. En el supuesto de que rechace el uso<br \\\/>de cookies \\u2014total o parcialmente\\u2014 podr\\u00e1 seguir usando el Sitio Web, si bien podr\\u00e1 tener limitada la<br \\\/>utilizaci\\u00f3n de algunas de las prestaciones del mismo.<\\\/p>\",\"margin\":\"default\"}},{\"type\":\"html\",\"props\":{\"content\":\"\n\n<style>\\n    a.cky-banner-element {\\n        padding: 8px 30px;\\n        background: #F8F9FA;\\n        color: #858A8F;\\n        border: 1px solid #DEE2E6;\\n        box-sizing: border-box;\\n        border-radius: 2px;\\n        cursor: pointer;\\n}\\n<\\\/style>\\n\\n    \n\n<h3>Que tipo de cookies utiliza en esta p\\u00e1gina web<\\\/h3>\\n\\n    \n\n<div class=\\\"cky-audit-table-element\\\"><\\\/div>\\n\"}}]}]}],\"name\":\"Cuerpo\"}],\"version\":\"4.1.2\"} --><\/p>\n","protected":false},"excerpt":{"rendered":"<p>POL\u00cdTICA DE COOKIES www.centrologopeda.com El acceso a este Sitio Web puede implicar la utilizaci\u00f3n de cookies. Las cookies son peque\u00f1as cantidadesde informaci\u00f3n que se almacenan en el navegador utilizado por cada Usuario \u2014en los distintos dispositivosque pueda utilizar para navegar\u2014 para que el servidor recuerde cierta informaci\u00f3n que posteriormente y\u00fanicamente el servidor que la implement\u00f3 [&hellip;]<\/p>\n","protected":false},"author":1,"featured_media":0,"parent":0,"menu_order":0,"comment_status":"closed","ping_status":"closed","template":"","meta":{"_acf_changed":false,"_joinchat":[],"footnotes":""},"class_list":["post-2071","page","type-page","status-publish","hentry"],"acf":[],"yoast_head":"<!-- This site is optimized with the Yoast SEO plugin v26.8 - https:\/\/yoast.com\/product\/yoast-seo-wordpress\/ -->\n<title>Pol\u00edtica de cookies | Logopeda Granada<\/title>\n<meta name=\"description\" content=\"Descubre la Pol\u00edtica de Cookies en el Centro de Logopedia Granada. Compromiso con tu privacidad y experiencia de navegaci\u00f3n.\" \/>\n<meta name=\"robots\" content=\"noindex, follow\" \/>\n<meta property=\"og:locale\" content=\"en_US\" \/>\n<meta property=\"og:type\" content=\"article\" \/>\n<meta property=\"og:title\" content=\"Pol\u00edtica de cookies | Logopeda Granada\" \/>\n<meta property=\"og:description\" content=\"Descubre la Pol\u00edtica de Cookies en el Centro de Logopedia Granada. Compromiso con tu privacidad y experiencia de navegaci\u00f3n.\" \/>\n<meta property=\"og:url\" content=\"https:\/\/centrologopeda.com\/en\/politica-de-cookies\/\" \/>\n<meta property=\"og:site_name\" content=\"Logopeda Granada\" \/>\n<meta property=\"article:publisher\" content=\"https:\/\/www.facebook.com\/logopedasamuelgranada\/\" \/>\n<meta property=\"article:modified_time\" content=\"2023-12-11T09:11:49+00:00\" \/>\n<meta property=\"og:image\" content=\"https:\/\/centrologopeda.com\/wp-content\/uploads\/2023\/10\/Logotipo-1.jpg\" \/>\n\t<meta property=\"og:image:width\" content=\"1109\" \/>\n\t<meta property=\"og:image:height\" content=\"687\" \/>\n\t<meta property=\"og:image:type\" content=\"image\/jpeg\" \/>\n<meta name=\"twitter:card\" content=\"summary_large_image\" \/>\n<meta name=\"twitter:label1\" content=\"Est. reading time\" \/>\n\t<meta name=\"twitter:data1\" content=\"5 minutes\" \/>\n<script type=\"application\/ld+json\" class=\"yoast-schema-graph\">{\"@context\":\"https:\/\/schema.org\",\"@graph\":[{\"@type\":\"WebPage\",\"@id\":\"https:\/\/centrologopeda.com\/politica-de-cookies\/\",\"url\":\"https:\/\/centrologopeda.com\/politica-de-cookies\/\",\"name\":\"Pol\u00edtica de cookies | Logopeda Granada\",\"isPartOf\":{\"@id\":\"https:\/\/centrologopeda.com\/#website\"},\"datePublished\":\"2023-10-20T10:01:07+00:00\",\"dateModified\":\"2023-12-11T09:11:49+00:00\",\"description\":\"Descubre la Pol\u00edtica de Cookies en el Centro de Logopedia Granada. Compromiso con tu privacidad y experiencia de navegaci\u00f3n.\",\"breadcrumb\":{\"@id\":\"https:\/\/centrologopeda.com\/politica-de-cookies\/#breadcrumb\"},\"inLanguage\":\"en-US\",\"potentialAction\":[{\"@type\":\"ReadAction\",\"target\":[\"https:\/\/centrologopeda.com\/politica-de-cookies\/\"]}]},{\"@type\":\"BreadcrumbList\",\"@id\":\"https:\/\/centrologopeda.com\/politica-de-cookies\/#breadcrumb\",\"itemListElement\":[{\"@type\":\"ListItem\",\"position\":1,\"name\":\"Inicio\",\"item\":\"https:\/\/centrologopeda.com\/\"},{\"@type\":\"ListItem\",\"position\":2,\"name\":\"Pol\u00edtica de cookies\"}]},{\"@type\":\"WebSite\",\"@id\":\"https:\/\/centrologopeda.com\/#website\",\"url\":\"https:\/\/centrologopeda.com\/\",\"name\":\"Centro de Logopedia Infantil y Adultos\",\"description\":\"Centro de logopedia en Granada\",\"publisher\":{\"@id\":\"https:\/\/centrologopeda.com\/#organization\"},\"alternateName\":\"Logopeda Granada\",\"potentialAction\":[{\"@type\":\"SearchAction\",\"target\":{\"@type\":\"EntryPoint\",\"urlTemplate\":\"https:\/\/centrologopeda.com\/?s={search_term_string}\"},\"query-input\":{\"@type\":\"PropertyValueSpecification\",\"valueRequired\":true,\"valueName\":\"search_term_string\"}}],\"inLanguage\":\"en-US\"},{\"@type\":\"Organization\",\"@id\":\"https:\/\/centrologopeda.com\/#organization\",\"name\":\"Centro de Logopedia Infantil y Adultos\",\"alternateName\":\"Logopeda Granada\",\"url\":\"https:\/\/centrologopeda.com\/\",\"logo\":{\"@type\":\"ImageObject\",\"inLanguage\":\"en-US\",\"@id\":\"https:\/\/centrologopeda.com\/#\/schema\/logo\/image\/\",\"url\":\"https:\/\/centrologopeda.com\/wp-content\/uploads\/2023\/10\/Logotipo-1.jpg\",\"contentUrl\":\"https:\/\/centrologopeda.com\/wp-content\/uploads\/2023\/10\/Logotipo-1.jpg\",\"width\":1109,\"height\":687,\"caption\":\"Centro de Logopedia Infantil y Adultos\"},\"image\":{\"@id\":\"https:\/\/centrologopeda.com\/#\/schema\/logo\/image\/\"},\"sameAs\":[\"https:\/\/www.facebook.com\/logopedasamuelgranada\/\",\"https:\/\/www.instagram.com\/logopedagranada\/\",\"https:\/\/www.doctoralia.es\/samuel-roman-ortega\/logopeda\/granada\"]}]}<\/script>\n<!-- \/ Yoast SEO plugin. -->","yoast_head_json":{"title":"Pol\u00edtica de cookies | Logopeda Granada","description":"Descubre la Pol\u00edtica de Cookies en el Centro de Logopedia Granada. Compromiso con tu privacidad y experiencia de navegaci\u00f3n.","robots":{"index":"noindex","follow":"follow"},"og_locale":"en_US","og_type":"article","og_title":"Pol\u00edtica de cookies | Logopeda Granada","og_description":"Descubre la Pol\u00edtica de Cookies en el Centro de Logopedia Granada. Compromiso con tu privacidad y experiencia de navegaci\u00f3n.","og_url":"https:\/\/centrologopeda.com\/en\/politica-de-cookies\/","og_site_name":"Logopeda Granada","article_publisher":"https:\/\/www.facebook.com\/logopedasamuelgranada\/","article_modified_time":"2023-12-11T09:11:49+00:00","og_image":[{"width":1109,"height":687,"url":"https:\/\/centrologopeda.com\/wp-content\/uploads\/2023\/10\/Logotipo-1.jpg","type":"image\/jpeg"}],"twitter_card":"summary_large_image","twitter_misc":{"Est. reading time":"5 minutes"},"schema":{"@context":"https:\/\/schema.org","@graph":[{"@type":"WebPage","@id":"https:\/\/centrologopeda.com\/politica-de-cookies\/","url":"https:\/\/centrologopeda.com\/politica-de-cookies\/","name":"Pol\u00edtica de cookies | Logopeda Granada","isPartOf":{"@id":"https:\/\/centrologopeda.com\/#website"},"datePublished":"2023-10-20T10:01:07+00:00","dateModified":"2023-12-11T09:11:49+00:00","description":"Descubre la Pol\u00edtica de Cookies en el Centro de Logopedia Granada. Compromiso con tu privacidad y experiencia de navegaci\u00f3n.","breadcrumb":{"@id":"https:\/\/centrologopeda.com\/politica-de-cookies\/#breadcrumb"},"inLanguage":"en-US","potentialAction":[{"@type":"ReadAction","target":["https:\/\/centrologopeda.com\/politica-de-cookies\/"]}]},{"@type":"BreadcrumbList","@id":"https:\/\/centrologopeda.com\/politica-de-cookies\/#breadcrumb","itemListElement":[{"@type":"ListItem","position":1,"name":"Inicio","item":"https:\/\/centrologopeda.com\/"},{"@type":"ListItem","position":2,"name":"Pol\u00edtica de cookies"}]},{"@type":"WebSite","@id":"https:\/\/centrologopeda.com\/#website","url":"https:\/\/centrologopeda.com\/","name":"Speech Therapy Centre for Children and Adults","description":"Centro de logopedia en Granada","publisher":{"@id":"https:\/\/centrologopeda.com\/#organization"},"alternateName":"Logopeda Granada","potentialAction":[{"@type":"SearchAction","target":{"@type":"EntryPoint","urlTemplate":"https:\/\/centrologopeda.com\/?s={search_term_string}"},"query-input":{"@type":"PropertyValueSpecification","valueRequired":true,"valueName":"search_term_string"}}],"inLanguage":"en-US"},{"@type":"Organization","@id":"https:\/\/centrologopeda.com\/#organization","name":"Speech Therapy Centre for Children and Adults","alternateName":"Logopeda Granada","url":"https:\/\/centrologopeda.com\/","logo":{"@type":"ImageObject","inLanguage":"en-US","@id":"https:\/\/centrologopeda.com\/#\/schema\/logo\/image\/","url":"https:\/\/centrologopeda.com\/wp-content\/uploads\/2023\/10\/Logotipo-1.jpg","contentUrl":"https:\/\/centrologopeda.com\/wp-content\/uploads\/2023\/10\/Logotipo-1.jpg","width":1109,"height":687,"caption":"Centro de Logopedia Infantil y Adultos"},"image":{"@id":"https:\/\/centrologopeda.com\/#\/schema\/logo\/image\/"},"sameAs":["https:\/\/www.facebook.com\/logopedasamuelgranada\/","https:\/\/www.instagram.com\/logopedagranada\/","https:\/\/www.doctoralia.es\/samuel-roman-ortega\/logopeda\/granada"]}]}},"_links":{"self":[{"href":"https:\/\/centrologopeda.com\/en\/wp-json\/wp\/v2\/pages\/2071","targetHints":{"allow":["GET"]}}],"collection":[{"href":"https:\/\/centrologopeda.com\/en\/wp-json\/wp\/v2\/pages"}],"about":[{"href":"https:\/\/centrologopeda.com\/en\/wp-json\/wp\/v2\/types\/page"}],"author":[{"embeddable":true,"href":"https:\/\/centrologopeda.com\/en\/wp-json\/wp\/v2\/users\/1"}],"replies":[{"embeddable":true,"href":"https:\/\/centrologopeda.com\/en\/wp-json\/wp\/v2\/comments?post=2071"}],"version-history":[{"count":0,"href":"https:\/\/centrologopeda.com\/en\/wp-json\/wp\/v2\/pages\/2071\/revisions"}],"wp:attachment":[{"href":"https:\/\/centrologopeda.com\/en\/wp-json\/wp\/v2\/media?parent=2071"}],"curies":[{"name":"wp","href":"https:\/\/api.w.org\/{rel}","templated":true}]}}