{"id":1644,"date":"2023-10-17T08:23:00","date_gmt":"2023-10-17T06:23:00","guid":{"rendered":"https:\/\/centrologopeda.com\/?p=1644"},"modified":"2023-12-04T11:47:37","modified_gmt":"2023-12-04T10:47:37","slug":"rotacismo","status":"publish","type":"page","link":"https:\/\/centrologopeda.com\/en\/rotacismo\/","title":{"rendered":"Rotacism"},"content":{"rendered":"<p><img decoding=\"async\" src=\"\/wp-content\/uploads\/2023\/10\/rotacismo.png\" alt=\"rotacismo\"><\/p>\n<h1>\n<p style=\"text-align: center;\">Rotacismo<\/p>\n<\/h1>\n<div>\n<p><span>El rotacismo es un trastorno del habla que se caracteriza por la dificultad en la correcta pronunciaci\u00f3n del sonido \/r\/.<\/span><\/p>\n<\/div>\n<p><img decoding=\"async\" src=\"\/wp-content\/uploads\/2023\/10\/logopeda-Rotacismo.png\" alt=\"logopeda Rotacismo\"><\/p>\n<h2>\u00bfC\u00f3mo conseguimos la R?<\/h2>\n<div>\n<h3>Identificaci\u00f3n del rotacismo<\/h3>\n<div>\n<ul>\n<li><strong>Anamnesis y entrevista<\/strong>: recopilamos informaci\u00f3n sobre el historial del desarrollo del habla y la comunicaci\u00f3n, as\u00ed como los antecedentes familiares relevantes.<\/li>\n<\/ul>\n<ul>\n<li><strong>Evaluaci\u00f3n del desarrollo articulatorio<\/strong>: realizamos una evaluaci\u00f3n detallada de la producci\u00f3n del sonido \/r\/ y su integridad dentro del contexto del habla.<\/li>\n<\/ul>\n<ul>\n<li><strong> <\/strong><strong>Evaluaci\u00f3n de los \u00f3rganos del habla: <\/strong>examinamos c\u00f3mo se encuentran las estructuras de la boca, tales como la lengua, frenillo, paladar, etc. A veces, podemos encontrarnos con problemas como el frenillo lingual corto.<\/li>\n<\/ul>\n<\/div>\n<\/div>\n<hr>\n<div>\n<h3>C\u00f3mo planificamos las sesiones de rotacismo<\/h3>\n<div>\n<ul>\n<li><strong>Establecimiento de objetivos: <\/strong>comenzamos trabajando la articulaci\u00f3n de la \/R\/ de forma aislada, y despu\u00e9s la integramos en s\u00edlabas primero, en palabras y en el lenguaje espont\u00e1neo.<\/li>\n<\/ul>\n<ul>\n<li><strong>Ejercicios de fortalecimiento y movilidad oral<\/strong>: dise\u00f1amos actividades para fortalecer los m\u00fasculos orofaciales y mejorar la coordinaci\u00f3n necesaria para una articulaci\u00f3n precisa del sonido \/r\/.<\/li>\n<\/ul>\n<ul>\n<li><strong>Pr\u00e1cticas de discriminaci\u00f3n auditiva<\/strong>: trabajamos en la capacidad del paciente para distinguir entre el sonido correcto y las variantes incorrectas del sonido \/r\/.<\/li>\n<\/ul>\n<\/div>\n<\/div>\n<hr>\n<div>\n<h3>Acciones para el rotacismo<\/h3>\n<div>\n<ul>\n<li><strong>T\u00e9cnicas para producir la \/R\/<\/strong>: utilizamos dos t\u00e9cnicas, dependiendo de la que sea m\u00e1s adecuada para cada paciente. Tambi\u00e9n usamos instrumentos espec\u00edficos para conseguir la R.<\/li>\n<li><strong>Uso de material visual<\/strong>: entrenamos con recursos lo m\u00e1s visuales posibles para hacer m\u00e1s atractivas las sesiones a los ni\u00f1os.<\/li>\n<li><strong> Entrenamiento de la discriminaci\u00f3n<\/strong>: trabajamos, adem\u00e1s, la correcta discriminaci\u00f3n auditiva de la R, y la distinci\u00f3n a nivel escrito.<\/li>\n<\/ul>\n<\/div>\n<\/div>\n<hr>\n<div>\n<h3>Supervisi\u00f3n constante<\/h3>\n<div>\n<ul>\n<li>\n<p><strong>Monitorizaci\u00f3n del desarrollo articulatorio<\/strong>: realizamos evaluaciones peri\u00f3dicas para medir los avances y ajustar el plan de tratamiento seg\u00fan sea necesario.<\/p>\n<\/li>\n<li>\n<p><strong>Incorporaci\u00f3n de estrategias en la rutina diaria<\/strong>: brindamos pautas y actividades que el paciente y la familia pueden practicar fuera de las sesiones de terapia para reforzar el progreso.<\/p>\n<\/li>\n<li>\n<p><strong>Colaboraci\u00f3n con la familia y maestros<\/strong>: ofrecemos orientaci\u00f3n y apoyo a la familia y, en algunos casos, se colabora con los maestros para reforzar las estrategias de intervenci\u00f3n en el entorno educativo.<\/p>\n<\/li>\n<\/ul>\n<\/div>\n<\/div>\n<p>\n    <a href=\"https:\/\/centrologopeda.com\/\">\u00a1Trata el rotacismo ya!<\/a>\n<\/p>\n<h3>\u00bfTienes alguna duda?<\/h3>\n<div>\n<p>Si a\u00fan estas indeciso o tienes alguna duda, no dudes en escribirme.<\/p>\n<\/div>\n<p>\n    <a href=\"\/index.php?page_id=8\">Cont\u00e1ctame<\/a>\n<\/p>\n<p><!--more--><br \/>\n<!-- {\"type\":\"layout\",\"children\":[{\"type\":\"section\",\"props\":{\"image_position\":\"center-center\",\"padding_remove_bottom\":true,\"style\":\"default\",\"title_breakpoint\":\"xl\",\"title_position\":\"top-left\",\"title_rotation\":\"left\",\"vertical_align\":\"middle\",\"width\":\"\"},\"children\":[{\"type\":\"row\",\"props\":{\"layout\":\"1-3,1-3,1-3\",\"margin\":\"remove-vertical\",\"row_gap\":\"large\",\"width\":\"expand\"},\"children\":[{\"type\":\"column\",\"props\":{\"image_position\":\"center-center\",\"position_sticky_breakpoint\":\"m\",\"vertical_align\":\"bottom\",\"width_large\":\"expand\"},\"children\":[{\"type\":\"image\",\"props\":{\"image\":\"wp-content\\\/uploads\\\/2023\\\/10\\\/rotacismo.png\",\"image_alt\":\"rotacismo\",\"image_svg_color\":\"emphasis\",\"image_width\":\"500\",\"margin\":\"default\"}}]},{\"type\":\"column\",\"props\":{\"image_position\":\"center-center\",\"position_sticky_breakpoint\":\"m\",\"vertical_align\":\"middle\",\"width_medium\":\"1-3\"},\"children\":[{\"type\":\"headline\",\"props\":{\"content\":\"\n\n<p style=\\\"text-align: center;\\\">Rotacismo<\\\/p>\",\"margin\":\"small\",\"text_align\":\"center\",\"title_element\":\"h1\"}},{\"type\":\"image\",\"props\":{\"image\":\"\",\"image_alt\":\"rotacismo\",\"image_height\":\"68\",\"image_loading\":true,\"image_svg_color\":\"emphasis\",\"image_svg_inline\":true,\"image_width\":\"68\",\"margin\":\"default\",\"text_align\":\"center\"}},{\"type\":\"text\",\"props\":{\"block_align\":\"center\",\"column_breakpoint\":\"m\",\"content\":\"\n\n<p><span>El rotacismo es un trastorno del habla que se caracteriza por la dificultad en la correcta pronunciaci\\u00f3n del sonido \\\/r\\\/.<\\\/span><\\\/p>\",\"margin\":\"default\",\"maxwidth\":\"xlarge\",\"text_align\":\"center\",\"text_style\":\"large\"}}]},{\"type\":\"column\",\"props\":{\"image_position\":\"center-center\",\"position_sticky_breakpoint\":\"m\",\"vertical_align\":\"bottom\",\"width_medium\":\"1-3\"},\"children\":[{\"type\":\"image\",\"props\":{\"image\":\"wp-content\\\/uploads\\\/2023\\\/10\\\/logopeda-Rotacismo.png\",\"image_alt\":\"logopeda Rotacismo\",\"image_loading\":true,\"image_svg_color\":\"emphasis\",\"image_width\":\"500\",\"margin\":\"remove-vertical\",\"text_align\":\"left\",\"visibility\":\"l\"}}]}]}],\"name\":\"Inicio\"},{\"type\":\"section\",\"props\":{\"image_position\":\"center-center\",\"padding\":\"large\",\"style\":\"default\",\"title_breakpoint\":\"xl\",\"title_position\":\"top-left\",\"title_rotation\":\"left\",\"vertical_align\":\"middle\",\"width\":\"default\"},\"children\":[{\"type\":\"row\",\"children\":[{\"type\":\"column\",\"props\":{\"image_position\":\"center-center\",\"position_sticky_breakpoint\":\"m\"},\"children\":[{\"type\":\"headline\",\"props\":{\"content\":\"\\u00bfC\\u00f3mo conseguimos la R?\",\"text_align\":\"center\",\"title_element\":\"h2\",\"title_style\":\"h2\"}}]}]},{\"type\":\"row\",\"props\":{\"column_gap\":\"large\",\"layout\":\"3-4,1-4\",\"row_gap\":\"large\",\"width\":\"large\"},\"children\":[{\"type\":\"column\",\"props\":{\"image_position\":\"center-center\",\"position_sticky_breakpoint\":\"m\",\"width_medium\":\"3-4\"},\"children\":[{\"type\":\"panel\",\"props\":{\"content\":\"\n\n<ul>\\n\n\n<li><strong>Anamnesis y entrevista<\\\/strong>: recopilamos informaci\\u00f3n sobre el historial del desarrollo del habla y la comunicaci\\u00f3n, as\\u00ed como los antecedentes familiares relevantes.<\\\/li>\\n<\\\/ul>\\n\n\n<p><\\\/p>\\n\n\n<ul>\\n\n\n<li><strong>Evaluaci\\u00f3n del desarrollo articulatorio<\\\/strong>: realizamos una evaluaci\\u00f3n detallada de la producci\\u00f3n del sonido \\\/r\\\/ y su integridad dentro del contexto del habla.<\\\/li>\\n<\\\/ul>\\n\n\n<p><\\\/p>\\n\n\n<ul>\\n\n\n<li><strong> <\\\/strong><strong>Evaluaci\\u00f3n de los \\u00f3rganos del habla: <\\\/strong>examinamos c\\u00f3mo se encuentran las estructuras de la boca, tales como la lengua, frenillo, paladar, etc. A veces, podemos encontrarnos con problemas como el frenillo lingual corto.<\\\/li>\\n<\\\/ul>\",\"content_column_breakpoint\":\"m\",\"icon_width\":80,\"image_align\":\"top\",\"image_grid_breakpoint\":\"m\",\"image_grid_width\":\"1-2\",\"image_svg_color\":\"emphasis\",\"link_style\":\"default\",\"link_text\":\"Read more\",\"margin\":\"default\",\"meta_align\":\"below-title\",\"meta_element\":\"div\",\"meta_style\":\"text-meta\",\"position_z_index\":\"1\",\"title\":\"Identificaci\\u00f3n del rotacismo\",\"title_align\":\"left\",\"title_element\":\"h3\",\"title_grid_breakpoint\":\"\",\"title_grid_width\":\"2-5\",\"title_hover_style\":\"reset\",\"title_style\":\"h3\"}},{\"type\":\"divider\",\"props\":{\"divider_element\":\"hr\",\"margin\":\"large\"}},{\"type\":\"panel\",\"props\":{\"content\":\"\n\n<ul>\\n\n\n<li><strong>Establecimiento de objetivos: <\\\/strong>comenzamos trabajando la articulaci\\u00f3n de la \\\/R\\\/ de forma aislada, y despu\\u00e9s la integramos en s\\u00edlabas primero, en palabras y en el lenguaje espont\\u00e1neo.<\\\/li>\\n<\\\/ul>\\n\n\n<p><\\\/p>\\n\n\n<ul>\\n\n\n<li><strong>Ejercicios de fortalecimiento y movilidad oral<\\\/strong>: dise\\u00f1amos actividades para fortalecer los m\\u00fasculos orofaciales y mejorar la coordinaci\\u00f3n necesaria para una articulaci\\u00f3n precisa del sonido \\\/r\\\/.<\\\/li>\\n<\\\/ul>\\n\n\n<p><\\\/p>\\n\n\n<ul>\\n\n\n<li><strong>Pr\\u00e1cticas de discriminaci\\u00f3n auditiva<\\\/strong>: trabajamos en la capacidad del paciente para distinguir entre el sonido correcto y las variantes incorrectas del sonido \\\/r\\\/.<\\\/li>\\n<\\\/ul>\",\"content_column_breakpoint\":\"m\",\"icon_width\":80,\"image_align\":\"top\",\"image_grid_breakpoint\":\"m\",\"image_grid_width\":\"1-2\",\"image_svg_color\":\"emphasis\",\"link_style\":\"default\",\"link_text\":\"Read more\",\"margin\":\"default\",\"meta_align\":\"below-title\",\"meta_element\":\"div\",\"meta_style\":\"text-meta\",\"title\":\"C\\u00f3mo planificamos las sesiones de rotacismo\",\"title_align\":\"left\",\"title_element\":\"h3\",\"title_grid_breakpoint\":\"m\",\"title_grid_width\":\"2-5\",\"title_hover_style\":\"reset\",\"title_style\":\"h3\"}},{\"type\":\"divider\",\"props\":{\"divider_element\":\"hr\",\"margin\":\"large\"}},{\"type\":\"panel\",\"props\":{\"content\":\"\n\n<ul>\\n\n\n<li><strong>T\\u00e9cnicas para producir la \\\/R\\\/<\\\/strong>: utilizamos dos t\\u00e9cnicas, dependiendo de la que sea m\\u00e1s adecuada para cada paciente. Tambi\\u00e9n usamos instrumentos espec\\u00edficos para conseguir la R.<\\\/li>\\n\n\n<li><strong>Uso de material visual<\\\/strong>: entrenamos con recursos lo m\\u00e1s visuales posibles para hacer m\\u00e1s atractivas las sesiones a los ni\\u00f1os.<\\\/li>\\n\n\n<li><strong> Entrenamiento de la discriminaci\\u00f3n<\\\/strong>: trabajamos, adem\\u00e1s, la correcta discriminaci\\u00f3n auditiva de la R, y la distinci\\u00f3n a nivel escrito.<\\\/li>\\n<\\\/ul>\",\"content_column_breakpoint\":\"m\",\"icon_width\":80,\"image_align\":\"top\",\"image_grid_breakpoint\":\"m\",\"image_grid_width\":\"1-2\",\"image_svg_color\":\"emphasis\",\"link_style\":\"default\",\"link_text\":\"Read more\",\"margin\":\"default\",\"meta_align\":\"below-title\",\"meta_element\":\"div\",\"meta_style\":\"text-meta\",\"title\":\"Acciones para el rotacismo\",\"title_align\":\"left\",\"title_element\":\"h3\",\"title_grid_breakpoint\":\"m\",\"title_grid_width\":\"2-5\",\"title_hover_style\":\"reset\",\"title_style\":\"h3\"}},{\"type\":\"divider\",\"props\":{\"divider_element\":\"hr\",\"margin\":\"large\"}},{\"type\":\"panel\",\"props\":{\"content\":\"\n\n<ul>\\n\n\n<li>\\n\n\n<p><strong>Monitorizaci\\u00f3n del desarrollo articulatorio<\\\/strong>: realizamos evaluaciones peri\\u00f3dicas para medir los avances y ajustar el plan de tratamiento seg\\u00fan sea necesario.<\\\/p>\\n<\\\/li>\\n\n\n<li>\\n\n\n<p><strong>Incorporaci\\u00f3n de estrategias en la rutina diaria<\\\/strong>: brindamos pautas y actividades que el paciente y la familia pueden practicar fuera de las sesiones de terapia para reforzar el progreso.<\\\/p>\\n<\\\/li>\\n\n\n<li>\\n\n\n<p><strong>Colaboraci\\u00f3n con la familia y maestros<\\\/strong>: ofrecemos orientaci\\u00f3n y apoyo a la familia y, en algunos casos, se colabora con los maestros para reforzar las estrategias de intervenci\\u00f3n en el entorno educativo.<\\\/p>\\n<\\\/li>\\n<\\\/ul>\",\"content_column_breakpoint\":\"m\",\"icon_width\":80,\"image_align\":\"top\",\"image_grid_breakpoint\":\"m\",\"image_grid_width\":\"1-2\",\"image_svg_color\":\"emphasis\",\"link_style\":\"default\",\"link_text\":\"Read more\",\"margin\":\"default\",\"meta_align\":\"below-title\",\"meta_element\":\"div\",\"meta_style\":\"text-meta\",\"title\":\"Supervisi\\u00f3n constante\",\"title_align\":\"left\",\"title_element\":\"h3\",\"title_grid_breakpoint\":\"m\",\"title_grid_width\":\"2-5\",\"title_hover_style\":\"reset\",\"title_style\":\"h3\"}}]},{\"type\":\"column\",\"props\":{\"image_position\":\"center-center\",\"position_sticky_breakpoint\":\"m\",\"width_medium\":\"1-4\"}}]}],\"name\":\"Servicios\"},{\"type\":\"section\",\"props\":{\"image_position\":\"center-center\",\"padding_remove_top\":true,\"style\":\"default\",\"title_breakpoint\":\"xl\",\"title_position\":\"top-left\",\"title_rotation\":\"left\",\"vertical_align\":\"middle\",\"width\":\"default\"},\"children\":[{\"type\":\"row\",\"children\":[{\"type\":\"column\",\"props\":{\"image_position\":\"center-center\",\"position_sticky_breakpoint\":\"m\"},\"children\":[{\"type\":\"button\",\"props\":{\"class\":\"get-date-btn\",\"grid_column_gap\":\"small\",\"grid_row_gap\":\"small\",\"margin\":\"default\",\"text_align\":\"center\"},\"children\":[{\"type\":\"button_item\",\"props\":{\"button_style\":\"primary\",\"content\":\"\\u00a1Trata el rotacismo ya!\",\"icon_align\":\"left\",\"link\":\"https:\\\/\\\/centrologopeda.com\\\/\"}}]}]}]}],\"name\":\"CTA\"},{\"type\":\"section\",\"props\":{\"image\":\"wp-content\\\/uploads\\\/yootheme\\\/cta-bg.svg\",\"image_position\":\"center-right\",\"image_size\":\"height-1-1\",\"image_width\":\"800\",\"media_visibility\":\"s\",\"padding\":\"large\",\"style\":\"secondary\",\"title_breakpoint\":\"xl\",\"title_position\":\"top-left\",\"title_rotation\":\"left\",\"vertical_align\":\"middle\",\"width\":\"default\"},\"children\":[{\"type\":\"row\",\"props\":{\"layout\":\"2-3,1-3\",\"width\":\"large\"},\"children\":[{\"type\":\"column\",\"props\":{\"image_position\":\"center-center\",\"position_sticky_breakpoint\":\"m\",\"width_medium\":\"2-3\"},\"children\":[{\"type\":\"headline\",\"props\":{\"content\":\"\\u00bfTienes alguna duda?\",\"maxwidth\":\"large\",\"maxwidth_breakpoint\":\"s\",\"text_align\":\"left\",\"text_align_breakpoint\":\"s\",\"text_align_fallback\":\"center\",\"title_element\":\"h3\",\"title_style\":\"h2\"}},{\"type\":\"text\",\"props\":{\"column_breakpoint\":\"m\",\"content\":\"\n\n<p>Si a\\u00fan estas indeciso o tienes alguna duda, no dudes en escribirme.<\\\/p>\",\"margin\":\"default\",\"maxwidth\":\"large\",\"maxwidth_breakpoint\":\"s\",\"text_align\":\"left\",\"text_align_breakpoint\":\"s\",\"text_align_fallback\":\"center\",\"text_color\":\"emphasis\"}}]},{\"type\":\"column\",\"props\":{\"image_position\":\"center-center\",\"position_sticky_breakpoint\":\"m\",\"vertical_align\":\"middle\",\"width_medium\":\"1-3\"},\"children\":[{\"type\":\"button\",\"props\":{\"grid_column_gap\":\"small\",\"grid_row_gap\":\"small\",\"margin\":\"default\"},\"children\":[{\"type\":\"button_item\",\"props\":{\"button_style\":\"default\",\"content\":\"Cont\\u00e1ctame\",\"icon_align\":\"left\",\"link\":\"index.php?page_id=8\"}}]}]}]}],\"name\":\"Cont\\u00e1ctame\"}],\"version\":\"4.1.2\"} --><\/p>\n","protected":false},"excerpt":{"rendered":"<p>Rotacismo El rotacismo es un trastorno del habla que se caracteriza por la dificultad en la correcta pronunciaci\u00f3n del sonido \/r\/. \u00bfC\u00f3mo conseguimos la R? Identificaci\u00f3n del rotacismo Anamnesis y entrevista: recopilamos informaci\u00f3n sobre el historial del desarrollo del habla y la comunicaci\u00f3n, as\u00ed como los antecedentes familiares relevantes. Evaluaci\u00f3n del desarrollo articulatorio: realizamos una [&hellip;]<\/p>\n","protected":false},"author":1,"featured_media":1555,"parent":0,"menu_order":0,"comment_status":"open","ping_status":"closed","template":"","meta":{"_acf_changed":false,"_joinchat":[],"footnotes":""},"class_list":["post-1644","page","type-page","status-publish","has-post-thumbnail","hentry"],"acf":[],"yoast_head":"<!-- This site is optimized with the Yoast SEO plugin v26.8 - https:\/\/yoast.com\/product\/yoast-seo-wordpress\/ -->\n<title>Rotacismo | Logopeda Granada<\/title>\n<meta name=\"description\" content=\"Tratamiento efectivo para el rotacismo en Granada. Mejora tu pronunciaci\u00f3n con nuestras terapias personalizadas.\" \/>\n<meta name=\"robots\" content=\"index, follow, max-snippet:-1, max-image-preview:large, max-video-preview:-1\" \/>\n<link rel=\"canonical\" href=\"https:\/\/centrologopeda.com\/en\/rotacismo\/\" \/>\n<meta property=\"og:locale\" content=\"en_US\" \/>\n<meta property=\"og:type\" content=\"article\" \/>\n<meta property=\"og:title\" content=\"Rotacismo | Logopeda Granada\" \/>\n<meta property=\"og:description\" content=\"Tratamiento efectivo para el rotacismo en Granada. Mejora tu pronunciaci\u00f3n con nuestras terapias personalizadas.\" \/>\n<meta property=\"og:url\" content=\"https:\/\/centrologopeda.com\/en\/rotacismo\/\" \/>\n<meta property=\"og:site_name\" content=\"Logopeda Granada\" \/>\n<meta property=\"article:publisher\" content=\"https:\/\/www.facebook.com\/logopedasamuelgranada\/\" \/>\n<meta property=\"article:modified_time\" content=\"2023-12-04T10:47:37+00:00\" \/>\n<meta property=\"og:image\" content=\"https:\/\/centrologopeda.com\/wp-content\/uploads\/2023\/10\/rotacismo.png\" \/>\n\t<meta property=\"og:image:width\" content=\"800\" \/>\n\t<meta property=\"og:image:height\" content=\"800\" \/>\n\t<meta property=\"og:image:type\" content=\"image\/png\" \/>\n<meta name=\"twitter:card\" content=\"summary_large_image\" \/>\n<meta name=\"twitter:label1\" content=\"Est. reading time\" \/>\n\t<meta name=\"twitter:data1\" content=\"3 minutes\" \/>\n<script type=\"application\/ld+json\" class=\"yoast-schema-graph\">{\"@context\":\"https:\/\/schema.org\",\"@graph\":[{\"@type\":\"WebPage\",\"@id\":\"https:\/\/centrologopeda.com\/rotacismo\/\",\"url\":\"https:\/\/centrologopeda.com\/rotacismo\/\",\"name\":\"Rotacismo | Logopeda Granada\",\"isPartOf\":{\"@id\":\"https:\/\/centrologopeda.com\/#website\"},\"primaryImageOfPage\":{\"@id\":\"https:\/\/centrologopeda.com\/rotacismo\/#primaryimage\"},\"image\":{\"@id\":\"https:\/\/centrologopeda.com\/rotacismo\/#primaryimage\"},\"thumbnailUrl\":\"https:\/\/centrologopeda.com\/wp-content\/uploads\/2023\/10\/rotacismo.png\",\"datePublished\":\"2023-10-17T06:23:00+00:00\",\"dateModified\":\"2023-12-04T10:47:37+00:00\",\"description\":\"Tratamiento efectivo para el rotacismo en Granada. Mejora tu pronunciaci\u00f3n con nuestras terapias personalizadas.\",\"breadcrumb\":{\"@id\":\"https:\/\/centrologopeda.com\/rotacismo\/#breadcrumb\"},\"inLanguage\":\"en-US\",\"potentialAction\":[{\"@type\":\"ReadAction\",\"target\":[\"https:\/\/centrologopeda.com\/rotacismo\/\"]}]},{\"@type\":\"ImageObject\",\"inLanguage\":\"en-US\",\"@id\":\"https:\/\/centrologopeda.com\/rotacismo\/#primaryimage\",\"url\":\"https:\/\/centrologopeda.com\/wp-content\/uploads\/2023\/10\/rotacismo.png\",\"contentUrl\":\"https:\/\/centrologopeda.com\/wp-content\/uploads\/2023\/10\/rotacismo.png\",\"width\":800,\"height\":800,\"caption\":\"rotacismo\"},{\"@type\":\"BreadcrumbList\",\"@id\":\"https:\/\/centrologopeda.com\/rotacismo\/#breadcrumb\",\"itemListElement\":[{\"@type\":\"ListItem\",\"position\":1,\"name\":\"Inicio\",\"item\":\"https:\/\/centrologopeda.com\/\"},{\"@type\":\"ListItem\",\"position\":2,\"name\":\"Rotacismo\"}]},{\"@type\":\"WebSite\",\"@id\":\"https:\/\/centrologopeda.com\/#website\",\"url\":\"https:\/\/centrologopeda.com\/\",\"name\":\"Centro de Logopedia Infantil y Adultos\",\"description\":\"Centro de logopedia en Granada\",\"publisher\":{\"@id\":\"https:\/\/centrologopeda.com\/#organization\"},\"alternateName\":\"Logopeda Granada\",\"potentialAction\":[{\"@type\":\"SearchAction\",\"target\":{\"@type\":\"EntryPoint\",\"urlTemplate\":\"https:\/\/centrologopeda.com\/?s={search_term_string}\"},\"query-input\":{\"@type\":\"PropertyValueSpecification\",\"valueRequired\":true,\"valueName\":\"search_term_string\"}}],\"inLanguage\":\"en-US\"},{\"@type\":\"Organization\",\"@id\":\"https:\/\/centrologopeda.com\/#organization\",\"name\":\"Centro de Logopedia Infantil y Adultos\",\"alternateName\":\"Logopeda Granada\",\"url\":\"https:\/\/centrologopeda.com\/\",\"logo\":{\"@type\":\"ImageObject\",\"inLanguage\":\"en-US\",\"@id\":\"https:\/\/centrologopeda.com\/#\/schema\/logo\/image\/\",\"url\":\"https:\/\/centrologopeda.com\/wp-content\/uploads\/2023\/10\/Logotipo-1.jpg\",\"contentUrl\":\"https:\/\/centrologopeda.com\/wp-content\/uploads\/2023\/10\/Logotipo-1.jpg\",\"width\":1109,\"height\":687,\"caption\":\"Centro de Logopedia Infantil y Adultos\"},\"image\":{\"@id\":\"https:\/\/centrologopeda.com\/#\/schema\/logo\/image\/\"},\"sameAs\":[\"https:\/\/www.facebook.com\/logopedasamuelgranada\/\",\"https:\/\/www.instagram.com\/logopedagranada\/\",\"https:\/\/www.doctoralia.es\/samuel-roman-ortega\/logopeda\/granada\"]}]}<\/script>\n<!-- \/ Yoast SEO plugin. -->","yoast_head_json":{"title":"Rotacismo | Logopeda Granada","description":"Tratamiento efectivo para el rotacismo en Granada. Mejora tu pronunciaci\u00f3n con nuestras terapias personalizadas.","robots":{"index":"index","follow":"follow","max-snippet":"max-snippet:-1","max-image-preview":"max-image-preview:large","max-video-preview":"max-video-preview:-1"},"canonical":"https:\/\/centrologopeda.com\/en\/rotacismo\/","og_locale":"en_US","og_type":"article","og_title":"Rotacismo | Logopeda Granada","og_description":"Tratamiento efectivo para el rotacismo en Granada. Mejora tu pronunciaci\u00f3n con nuestras terapias personalizadas.","og_url":"https:\/\/centrologopeda.com\/en\/rotacismo\/","og_site_name":"Logopeda Granada","article_publisher":"https:\/\/www.facebook.com\/logopedasamuelgranada\/","article_modified_time":"2023-12-04T10:47:37+00:00","og_image":[{"width":800,"height":800,"url":"https:\/\/centrologopeda.com\/wp-content\/uploads\/2023\/10\/rotacismo.png","type":"image\/png"}],"twitter_card":"summary_large_image","twitter_misc":{"Est. reading time":"3 minutes"},"schema":{"@context":"https:\/\/schema.org","@graph":[{"@type":"WebPage","@id":"https:\/\/centrologopeda.com\/rotacismo\/","url":"https:\/\/centrologopeda.com\/rotacismo\/","name":"Rotacismo | Logopeda Granada","isPartOf":{"@id":"https:\/\/centrologopeda.com\/#website"},"primaryImageOfPage":{"@id":"https:\/\/centrologopeda.com\/rotacismo\/#primaryimage"},"image":{"@id":"https:\/\/centrologopeda.com\/rotacismo\/#primaryimage"},"thumbnailUrl":"https:\/\/centrologopeda.com\/wp-content\/uploads\/2023\/10\/rotacismo.png","datePublished":"2023-10-17T06:23:00+00:00","dateModified":"2023-12-04T10:47:37+00:00","description":"Tratamiento efectivo para el rotacismo en Granada. Mejora tu pronunciaci\u00f3n con nuestras terapias personalizadas.","breadcrumb":{"@id":"https:\/\/centrologopeda.com\/rotacismo\/#breadcrumb"},"inLanguage":"en-US","potentialAction":[{"@type":"ReadAction","target":["https:\/\/centrologopeda.com\/rotacismo\/"]}]},{"@type":"ImageObject","inLanguage":"en-US","@id":"https:\/\/centrologopeda.com\/rotacismo\/#primaryimage","url":"https:\/\/centrologopeda.com\/wp-content\/uploads\/2023\/10\/rotacismo.png","contentUrl":"https:\/\/centrologopeda.com\/wp-content\/uploads\/2023\/10\/rotacismo.png","width":800,"height":800,"caption":"rotacismo"},{"@type":"BreadcrumbList","@id":"https:\/\/centrologopeda.com\/rotacismo\/#breadcrumb","itemListElement":[{"@type":"ListItem","position":1,"name":"Inicio","item":"https:\/\/centrologopeda.com\/"},{"@type":"ListItem","position":2,"name":"Rotacismo"}]},{"@type":"WebSite","@id":"https:\/\/centrologopeda.com\/#website","url":"https:\/\/centrologopeda.com\/","name":"Speech Therapy Centre for Children and Adults","description":"Centro de logopedia en Granada","publisher":{"@id":"https:\/\/centrologopeda.com\/#organization"},"alternateName":"Logopeda Granada","potentialAction":[{"@type":"SearchAction","target":{"@type":"EntryPoint","urlTemplate":"https:\/\/centrologopeda.com\/?s={search_term_string}"},"query-input":{"@type":"PropertyValueSpecification","valueRequired":true,"valueName":"search_term_string"}}],"inLanguage":"en-US"},{"@type":"Organization","@id":"https:\/\/centrologopeda.com\/#organization","name":"Speech Therapy Centre for Children and Adults","alternateName":"Logopeda Granada","url":"https:\/\/centrologopeda.com\/","logo":{"@type":"ImageObject","inLanguage":"en-US","@id":"https:\/\/centrologopeda.com\/#\/schema\/logo\/image\/","url":"https:\/\/centrologopeda.com\/wp-content\/uploads\/2023\/10\/Logotipo-1.jpg","contentUrl":"https:\/\/centrologopeda.com\/wp-content\/uploads\/2023\/10\/Logotipo-1.jpg","width":1109,"height":687,"caption":"Centro de Logopedia Infantil y Adultos"},"image":{"@id":"https:\/\/centrologopeda.com\/#\/schema\/logo\/image\/"},"sameAs":["https:\/\/www.facebook.com\/logopedasamuelgranada\/","https:\/\/www.instagram.com\/logopedagranada\/","https:\/\/www.doctoralia.es\/samuel-roman-ortega\/logopeda\/granada"]}]}},"_links":{"self":[{"href":"https:\/\/centrologopeda.com\/en\/wp-json\/wp\/v2\/pages\/1644","targetHints":{"allow":["GET"]}}],"collection":[{"href":"https:\/\/centrologopeda.com\/en\/wp-json\/wp\/v2\/pages"}],"about":[{"href":"https:\/\/centrologopeda.com\/en\/wp-json\/wp\/v2\/types\/page"}],"author":[{"embeddable":true,"href":"https:\/\/centrologopeda.com\/en\/wp-json\/wp\/v2\/users\/1"}],"replies":[{"embeddable":true,"href":"https:\/\/centrologopeda.com\/en\/wp-json\/wp\/v2\/comments?post=1644"}],"version-history":[{"count":0,"href":"https:\/\/centrologopeda.com\/en\/wp-json\/wp\/v2\/pages\/1644\/revisions"}],"wp:featuredmedia":[{"embeddable":true,"href":"https:\/\/centrologopeda.com\/en\/wp-json\/wp\/v2\/media\/1555"}],"wp:attachment":[{"href":"https:\/\/centrologopeda.com\/en\/wp-json\/wp\/v2\/media?parent=1644"}],"curies":[{"name":"wp","href":"https:\/\/api.w.org\/{rel}","templated":true}]}}