{"id":1604,"date":"2023-10-16T13:33:16","date_gmt":"2023-10-16T11:33:16","guid":{"rendered":"https:\/\/centrologopeda.com\/?p=1604"},"modified":"2023-12-04T11:45:11","modified_gmt":"2023-12-04T10:45:11","slug":"disfonia","status":"publish","type":"page","link":"https:\/\/centrologopeda.com\/en\/disfonia\/","title":{"rendered":"Dysphonia"},"content":{"rendered":"<p><img decoding=\"async\" src=\"\/wp-content\/uploads\/2023\/10\/Disfonia.png\" alt=\"Disfon\u00eda\"><\/p>\n<h1>\n<p style=\"text-align: center;\">Disfon\u00eda<\/p>\n<\/h1>\n<div>\n<p align=\"center\" style=\"margin: 0cm; text-align: center; background: white;\"><span style=\"font-size: 15.0pt; font-family: 'Open Sans',sans-serif; color: #687186;\">La disfon\u00eda es un trastorno que afecta a la voz.<\/span><\/p>\n<p align=\"center\">\n<p align=\"center\" style=\"margin: 0cm; text-align: center; background: white;\"><span style=\"font-size: 15.0pt; font-family: 'Open Sans',sans-serif; color: #687186;\">Puede darse en profesionales que usan mucho la voz, como maestros, cantantes, locutores, etc. <\/span><\/p>\n<p align=\"center\">\n<p align=\"center\" style=\"margin: 0cm; text-align: center; background: white;\"><span style=\"font-size: 15.0pt; font-family: 'Open Sans',sans-serif; color: #687186;\">T<\/span><span style=\"font-size: 15.0pt; font-family: 'Open Sans',sans-serif; color: #687186;\">ambi\u00e9n hay otros factores nocivos que provocan las disfon\u00edas, como el tabaco, un alto volumen al hablar, poca hidrataci\u00f3n\u2026<o:p><\/o:p><\/span><\/p>\n<\/div>\n<p><img decoding=\"async\" src=\"\/wp-content\/uploads\/2023\/10\/Logopeda-Disfonia.png\" alt=\"Logopeda Disfon\u00eda\"><\/p>\n<h2>C\u00f3mo rehabilitamos la disfon\u00eda<\/h2>\n<div>\n<h3>Examen de la disfon\u00eda<\/h3>\n<div>\n<ul>\n<li><strong>Anamnesis y entrevista<\/strong>: recopilamos informaci\u00f3n sobre la historia vocal, s\u00edntomas actuales, antecedentes m\u00e9dicos y h\u00e1bitos de uso de la voz.<\/li>\n<\/ul>\n<ul>\n<li><strong>Examen de las cuerdas vocales<\/strong>: en caso de ser necesario, se deriva al ORL para realizar un examen f\u00edsico mediante fibrolaringoscopia.<\/li>\n<\/ul>\n<ul>\n<li><strong>Evaluaci\u00f3n de la calidad vocal<\/strong>: analizamos la calidad de la voz, incluyendo caracter\u00edsticas como la tonalidad, la claridad y la resistencia vocal, mediante el uso de programas inform\u00e1ticos.<\/li>\n<\/ul>\n<ul>\n<li><strong>Evaluaci\u00f3n de los h\u00e1bitos vocales<\/strong>: evaluamos los patrones de uso vocal del paciente, incluyendo el volumen, la intensidad y las situaciones que puedan desencadenar la disfon\u00eda.<\/li>\n<\/ul>\n<\/div>\n<\/div>\n<hr>\n<div>\n<h3>Sesiones de trabajo de la disfon\u00eda<\/h3>\n<div>\n<ul>\n<li><strong>Establecimiento de objetivos<\/strong>: fijamos los objetivos de la intervenci\u00f3n, que afectan tanto al \u00e1mbito de la consulta como en la casa del paciente.<\/li>\n<li><strong>Ejercicios por fases<\/strong>: desde la logopedia, trabajamos en distintas etapas o fases para la rehabilitaci\u00f3n de la disfon\u00eda, comenzando por el trabajo de la respiraci\u00f3n y los m\u00fasculos, hasta llegar al propio trabajo de la voz y el control auditivo.<\/li>\n<li><strong>Pedagog\u00eda<\/strong>: es muy importante que el paciente atienda a sus \u201cdeberes\u201d que debe hacer en casa, ya que se mandan ciertos ejercicios que debe realizar a diario y debe seguir tambi\u00e9n unas pautas de higiene vocal.<\/li>\n<\/ul>\n<\/div>\n<\/div>\n<hr>\n<div>\n<h3>Progresi\u00f3n de la capacidad vocal<\/h3>\n<div>\n<ul>\n<li>\n<p><strong>Monitorizaci\u00f3n del progreso vocal<\/strong>: realizamos evaluaciones peri\u00f3dicas para medir los avances y ajustar el plan de tratamiento seg\u00fan sea necesario.<\/p>\n<\/li>\n<li>\n<p><strong>Adaptaci\u00f3n de estrategias<\/strong>: creamos modificaciones en las estrategias de tratamiento en funci\u00f3n de la evoluci\u00f3n del paciente y las necesidades cambiantes.<\/p>\n<\/li>\n<li>\n<p><strong>Prevenci\u00f3n de reca\u00eddas<\/strong>: proporcionamos al paciente pautas y t\u00e9cnicas para prevenir la reaparici\u00f3n de la disfon\u00eda y mantener una voz saludable a largo plazo.<\/p>\n<\/li>\n<\/ul>\n<\/div>\n<\/div>\n<p>\n    <a href=\"https:\/\/centrologopeda.com\/\">\u00a1Trata la disfon\u00eda ya!<\/a>\n<\/p>\n<h3>\u00bfTienes alguna duda?<\/h3>\n<div>\n<p>Si a\u00fan estas indeciso o tienes alguna duda, no dudes en escribirme.<\/p>\n<\/div>\n<p>\n    <a href=\"\/index.php?page_id=8\">Cont\u00e1ctame<\/a>\n<\/p>\n<p><!--more--><br \/>\n<!-- {\"type\":\"layout\",\"children\":[{\"type\":\"section\",\"props\":{\"image_position\":\"center-center\",\"padding_remove_bottom\":true,\"style\":\"default\",\"title_breakpoint\":\"xl\",\"title_position\":\"top-left\",\"title_rotation\":\"left\",\"vertical_align\":\"middle\",\"width\":\"\"},\"children\":[{\"type\":\"row\",\"props\":{\"layout\":\"1-3,1-3,1-3\",\"margin\":\"remove-vertical\",\"row_gap\":\"large\",\"width\":\"expand\"},\"children\":[{\"type\":\"column\",\"props\":{\"image_position\":\"center-center\",\"position_sticky_breakpoint\":\"m\",\"vertical_align\":\"bottom\",\"width_large\":\"expand\"},\"children\":[{\"type\":\"image\",\"props\":{\"image\":\"wp-content\\\/uploads\\\/2023\\\/10\\\/Disfonia.png\",\"image_alt\":\"Disfon\\u00eda\",\"image_svg_color\":\"emphasis\",\"image_width\":\"500\",\"margin\":\"default\"}}]},{\"type\":\"column\",\"props\":{\"image_position\":\"center-center\",\"position_sticky_breakpoint\":\"m\",\"vertical_align\":\"middle\",\"width_medium\":\"1-3\"},\"children\":[{\"type\":\"headline\",\"props\":{\"content\":\"\n\n<p style=\\\"text-align: center;\\\">Disfon\\u00eda<\\\/p>\",\"margin\":\"small\",\"text_align\":\"center\",\"title_element\":\"h1\"}},{\"type\":\"text\",\"props\":{\"block_align\":\"center\",\"column_breakpoint\":\"m\",\"content\":\"\n\n<p align=\\\"center\\\" style=\\\"margin: 0cm; text-align: center; background: white;\\\"><span style=\\\"font-size: 15.0pt; font-family: 'Open Sans',sans-serif; color: #687186;\\\">La disfon\\u00eda es un trastorno que afecta a la voz.<\\\/span><\\\/p>\\n\n\n<p align=\\\"center\\\"><\\\/p>\\n\n\n<p align=\\\"center\\\" style=\\\"margin: 0cm; text-align: center; background: white;\\\"><span style=\\\"font-size: 15.0pt; font-family: 'Open Sans',sans-serif; color: #687186;\\\">Puede darse en profesionales que usan mucho la voz, como maestros, cantantes, locutores, etc. <\\\/span><\\\/p>\\n\n\n<p align=\\\"center\\\"><\\\/p>\\n\n\n<p align=\\\"center\\\" style=\\\"margin: 0cm; text-align: center; background: white;\\\"><span style=\\\"font-size: 15.0pt; font-family: 'Open Sans',sans-serif; color: #687186;\\\">T<\\\/span><span style=\\\"font-size: 15.0pt; font-family: 'Open Sans',sans-serif; color: #687186;\\\">ambi\\u00e9n hay otros factores nocivos que provocan las disfon\\u00edas, como el tabaco, un alto volumen al hablar, poca hidrataci\\u00f3n\\u2026<o:p><\\\/o:p><\\\/span><\\\/p>\",\"margin\":\"default\",\"maxwidth\":\"xlarge\",\"text_align\":\"center\",\"text_style\":\"large\"}}]},{\"type\":\"column\",\"props\":{\"image_position\":\"center-center\",\"position_sticky_breakpoint\":\"m\",\"vertical_align\":\"bottom\",\"width_medium\":\"1-3\"},\"children\":[{\"type\":\"image\",\"props\":{\"image\":\"wp-content\\\/uploads\\\/2023\\\/10\\\/Logopeda-Disfonia.png\",\"image_alt\":\"Logopeda Disfon\\u00eda\",\"image_loading\":true,\"image_svg_color\":\"emphasis\",\"image_width\":\"500\",\"margin\":\"remove-vertical\",\"text_align\":\"left\",\"visibility\":\"l\"}}]}]}],\"name\":\"Inicio\"},{\"type\":\"section\",\"props\":{\"image_position\":\"center-center\",\"padding\":\"large\",\"style\":\"default\",\"title_breakpoint\":\"xl\",\"title_position\":\"top-left\",\"title_rotation\":\"left\",\"vertical_align\":\"middle\",\"width\":\"default\"},\"children\":[{\"type\":\"row\",\"children\":[{\"type\":\"column\",\"props\":{\"image_position\":\"center-center\",\"position_sticky_breakpoint\":\"m\"},\"children\":[{\"type\":\"headline\",\"props\":{\"content\":\"C\\u00f3mo rehabilitamos la disfon\\u00eda\",\"text_align\":\"center\",\"title_element\":\"h2\",\"title_style\":\"h2\"}}]}]},{\"type\":\"row\",\"props\":{\"column_gap\":\"large\",\"layout\":\"3-4,1-4\",\"row_gap\":\"large\",\"width\":\"large\"},\"children\":[{\"type\":\"column\",\"props\":{\"image_position\":\"center-center\",\"position_sticky_breakpoint\":\"m\",\"width_medium\":\"3-4\"},\"children\":[{\"type\":\"panel\",\"props\":{\"content\":\"\n\n<ul>\\n\n\n<li><strong>Anamnesis y entrevista<\\\/strong>: recopilamos informaci\\u00f3n sobre la historia vocal, s\\u00edntomas actuales, antecedentes m\\u00e9dicos y h\\u00e1bitos de uso de la voz.<\\\/li>\\n<\\\/ul>\\n\n\n<p><\\\/p>\\n\n\n<ul>\\n\n\n<li><strong>Examen de las cuerdas vocales<\\\/strong>: en caso de ser necesario, se deriva al ORL para realizar un examen f\\u00edsico mediante fibrolaringoscopia.<\\\/li>\\n<\\\/ul>\\n\n\n<p><\\\/p>\\n\n\n<ul>\\n\n\n<li><strong>Evaluaci\\u00f3n de la calidad vocal<\\\/strong>: analizamos la calidad de la voz, incluyendo caracter\\u00edsticas como la tonalidad, la claridad y la resistencia vocal, mediante el uso de programas inform\\u00e1ticos.<\\\/li>\\n<\\\/ul>\\n\n\n<p><\\\/p>\\n\n\n<ul>\\n\n\n<li><strong>Evaluaci\\u00f3n de los h\\u00e1bitos vocales<\\\/strong>: evaluamos los patrones de uso vocal del paciente, incluyendo el volumen, la intensidad y las situaciones que puedan desencadenar la disfon\\u00eda.<\\\/li>\\n<\\\/ul>\",\"content_column_breakpoint\":\"m\",\"icon_width\":80,\"image_align\":\"top\",\"image_grid_breakpoint\":\"m\",\"image_grid_width\":\"1-2\",\"image_svg_color\":\"emphasis\",\"link_style\":\"default\",\"link_text\":\"Read more\",\"margin\":\"default\",\"meta_align\":\"below-title\",\"meta_element\":\"div\",\"meta_style\":\"text-meta\",\"position_z_index\":\"1\",\"title\":\"Examen de la disfon\\u00eda\",\"title_align\":\"left\",\"title_element\":\"h3\",\"title_grid_breakpoint\":\"\",\"title_grid_width\":\"2-5\",\"title_hover_style\":\"reset\",\"title_style\":\"h3\"}},{\"type\":\"divider\",\"props\":{\"divider_element\":\"hr\",\"margin\":\"large\"}},{\"type\":\"panel\",\"props\":{\"content\":\"\n\n<ul>\\n\n\n<li><strong>Establecimiento de objetivos<\\\/strong>: fijamos los objetivos de la intervenci\\u00f3n, que afectan tanto al \\u00e1mbito de la consulta como en la casa del paciente.<\\\/li>\\n\n\n<li><strong>Ejercicios por fases<\\\/strong>: desde la logopedia, trabajamos en distintas etapas o fases para la rehabilitaci\\u00f3n de la disfon\\u00eda, comenzando por el trabajo de la respiraci\\u00f3n y los m\\u00fasculos, hasta llegar al propio trabajo de la voz y el control auditivo.<\\\/li>\\n\n\n<li><strong>Pedagog\\u00eda<\\\/strong>: es muy importante que el paciente atienda a sus \\u201cdeberes\\u201d que debe hacer en casa, ya que se mandan ciertos ejercicios que debe realizar a diario y debe seguir tambi\\u00e9n unas pautas de higiene vocal.<\\\/li>\\n<\\\/ul>\",\"content_column_breakpoint\":\"m\",\"icon_width\":80,\"image_align\":\"top\",\"image_grid_breakpoint\":\"m\",\"image_grid_width\":\"1-2\",\"image_svg_color\":\"emphasis\",\"link_style\":\"default\",\"link_text\":\"Read more\",\"margin\":\"default\",\"meta_align\":\"below-title\",\"meta_element\":\"div\",\"meta_style\":\"text-meta\",\"title\":\"Sesiones de trabajo de la disfon\\u00eda\",\"title_align\":\"left\",\"title_element\":\"h3\",\"title_grid_breakpoint\":\"m\",\"title_grid_width\":\"2-5\",\"title_hover_style\":\"reset\",\"title_style\":\"h3\"}},{\"type\":\"divider\",\"props\":{\"divider_element\":\"hr\",\"margin\":\"large\"}},{\"type\":\"panel\",\"props\":{\"content\":\"\n\n<ul>\\n\n\n<li>\\n\n\n<p><strong>Monitorizaci\\u00f3n del progreso vocal<\\\/strong>: realizamos evaluaciones peri\\u00f3dicas para medir los avances y ajustar el plan de tratamiento seg\\u00fan sea necesario.<\\\/p>\\n<\\\/li>\\n\n\n<li>\\n\n\n<p><strong>Adaptaci\\u00f3n de estrategias<\\\/strong>: creamos modificaciones en las estrategias de tratamiento en funci\\u00f3n de la evoluci\\u00f3n del paciente y las necesidades cambiantes.<\\\/p>\\n<\\\/li>\\n\n\n<li>\\n\n\n<p><strong>Prevenci\\u00f3n de reca\\u00eddas<\\\/strong>: proporcionamos al paciente pautas y t\\u00e9cnicas para prevenir la reaparici\\u00f3n de la disfon\\u00eda y mantener una voz saludable a largo plazo.<\\\/p>\\n<\\\/li>\\n<\\\/ul>\",\"content_column_breakpoint\":\"m\",\"icon_width\":80,\"image_align\":\"top\",\"image_grid_breakpoint\":\"m\",\"image_grid_width\":\"1-2\",\"image_svg_color\":\"emphasis\",\"link_style\":\"default\",\"link_text\":\"Read more\",\"margin\":\"default\",\"meta_align\":\"below-title\",\"meta_element\":\"div\",\"meta_style\":\"text-meta\",\"title\":\"Progresi\\u00f3n de la capacidad vocal\",\"title_align\":\"left\",\"title_element\":\"h3\",\"title_grid_breakpoint\":\"m\",\"title_grid_width\":\"2-5\",\"title_hover_style\":\"reset\",\"title_style\":\"h3\"}}]},{\"type\":\"column\",\"props\":{\"image_position\":\"center-center\",\"position_sticky_breakpoint\":\"m\",\"width_medium\":\"1-4\"}}]}],\"name\":\"Servicios\"},{\"type\":\"section\",\"props\":{\"class\":\"get-date-btn\",\"image_position\":\"center-center\",\"padding_remove_top\":true,\"style\":\"default\",\"title_breakpoint\":\"xl\",\"title_position\":\"top-left\",\"title_rotation\":\"left\",\"vertical_align\":\"middle\",\"width\":\"default\"},\"children\":[{\"type\":\"row\",\"children\":[{\"type\":\"column\",\"props\":{\"image_position\":\"center-center\",\"position_sticky_breakpoint\":\"m\"},\"children\":[{\"type\":\"button\",\"props\":{\"grid_column_gap\":\"small\",\"grid_row_gap\":\"small\",\"margin\":\"default\",\"text_align\":\"center\"},\"children\":[{\"type\":\"button_item\",\"props\":{\"button_style\":\"primary\",\"content\":\"\\u00a1Trata la disfon\\u00eda ya!\",\"icon_align\":\"left\",\"link\":\"https:\\\/\\\/centrologopeda.com\\\/\"}}]}]}]}],\"name\":\"CTA\"},{\"type\":\"section\",\"props\":{\"image\":\"wp-content\\\/uploads\\\/yootheme\\\/cta-bg.svg\",\"image_position\":\"center-right\",\"image_size\":\"height-1-1\",\"image_width\":\"800\",\"media_visibility\":\"s\",\"padding\":\"large\",\"style\":\"secondary\",\"title_breakpoint\":\"xl\",\"title_position\":\"top-left\",\"title_rotation\":\"left\",\"vertical_align\":\"middle\",\"width\":\"default\"},\"children\":[{\"type\":\"row\",\"props\":{\"layout\":\"2-3,1-3\",\"width\":\"large\"},\"children\":[{\"type\":\"column\",\"props\":{\"image_position\":\"center-center\",\"position_sticky_breakpoint\":\"m\",\"width_medium\":\"2-3\"},\"children\":[{\"type\":\"headline\",\"props\":{\"content\":\"\\u00bfTienes alguna duda?\",\"maxwidth\":\"large\",\"maxwidth_breakpoint\":\"s\",\"text_align\":\"left\",\"text_align_breakpoint\":\"s\",\"text_align_fallback\":\"center\",\"title_element\":\"h3\",\"title_style\":\"h2\"}},{\"type\":\"text\",\"props\":{\"column_breakpoint\":\"m\",\"content\":\"\n\n<p>Si a\\u00fan estas indeciso o tienes alguna duda, no dudes en escribirme.<\\\/p>\",\"margin\":\"default\",\"maxwidth\":\"large\",\"maxwidth_breakpoint\":\"s\",\"text_align\":\"left\",\"text_align_breakpoint\":\"s\",\"text_align_fallback\":\"center\",\"text_color\":\"emphasis\"}}]},{\"type\":\"column\",\"props\":{\"image_position\":\"center-center\",\"position_sticky_breakpoint\":\"m\",\"vertical_align\":\"middle\",\"width_medium\":\"1-3\"},\"children\":[{\"type\":\"button\",\"props\":{\"grid_column_gap\":\"small\",\"grid_row_gap\":\"small\",\"margin\":\"default\"},\"children\":[{\"type\":\"button_item\",\"props\":{\"button_style\":\"default\",\"content\":\"Cont\\u00e1ctame\",\"icon_align\":\"left\",\"link\":\"index.php?page_id=8\"}}]}]}]}],\"name\":\"Cont\\u00e1ctame\"}],\"version\":\"4.1.2\"} --><\/p>\n","protected":false},"excerpt":{"rendered":"<p>Disfon\u00eda La disfon\u00eda es un trastorno que afecta a la voz. Puede darse en profesionales que usan mucho la voz, como maestros, cantantes, locutores, etc. Tambi\u00e9n hay otros factores nocivos que provocan las disfon\u00edas, como el tabaco, un alto volumen al hablar, poca hidrataci\u00f3n\u2026 C\u00f3mo rehabilitamos la disfon\u00eda Examen de la disfon\u00eda Anamnesis y entrevista: [&hellip;]<\/p>\n","protected":false},"author":1,"featured_media":1746,"parent":0,"menu_order":0,"comment_status":"open","ping_status":"closed","template":"","meta":{"_acf_changed":false,"_joinchat":[],"footnotes":""},"class_list":["post-1604","page","type-page","status-publish","has-post-thumbnail","hentry"],"acf":[],"yoast_head":"<!-- This site is optimized with the Yoast SEO plugin v26.8 - https:\/\/yoast.com\/product\/yoast-seo-wordpress\/ -->\n<title>Disfon\u00eda | Logopeda Granada<\/title>\n<meta name=\"description\" content=\"Tratamiento experto para la disfon\u00eda en Granada. Mejora tu voz con nuestras terapias pedag\u00f3gicas personalizadas.\" \/>\n<meta name=\"robots\" content=\"index, follow, max-snippet:-1, max-image-preview:large, max-video-preview:-1\" \/>\n<link rel=\"canonical\" href=\"https:\/\/centrologopeda.com\/en\/disfonia\/\" \/>\n<meta property=\"og:locale\" content=\"en_US\" \/>\n<meta property=\"og:type\" content=\"article\" \/>\n<meta property=\"og:title\" content=\"Disfon\u00eda | Logopeda Granada\" \/>\n<meta property=\"og:description\" content=\"Tratamiento experto para la disfon\u00eda en Granada. Mejora tu voz con nuestras terapias pedag\u00f3gicas personalizadas.\" \/>\n<meta property=\"og:url\" content=\"https:\/\/centrologopeda.com\/en\/disfonia\/\" \/>\n<meta property=\"og:site_name\" content=\"Logopeda Granada\" \/>\n<meta property=\"article:publisher\" content=\"https:\/\/www.facebook.com\/logopedasamuelgranada\/\" \/>\n<meta property=\"article:modified_time\" content=\"2023-12-04T10:45:11+00:00\" \/>\n<meta property=\"og:image\" content=\"https:\/\/centrologopeda.com\/wp-content\/uploads\/2023\/10\/Disfonia.png\" \/>\n\t<meta property=\"og:image:width\" content=\"800\" \/>\n\t<meta property=\"og:image:height\" content=\"800\" \/>\n\t<meta property=\"og:image:type\" content=\"image\/png\" \/>\n<meta name=\"twitter:card\" content=\"summary_large_image\" \/>\n<meta name=\"twitter:label1\" content=\"Est. reading time\" \/>\n\t<meta name=\"twitter:data1\" content=\"2 minutes\" \/>\n<script type=\"application\/ld+json\" class=\"yoast-schema-graph\">{\"@context\":\"https:\/\/schema.org\",\"@graph\":[{\"@type\":\"WebPage\",\"@id\":\"https:\/\/centrologopeda.com\/disfonia\/\",\"url\":\"https:\/\/centrologopeda.com\/disfonia\/\",\"name\":\"Disfon\u00eda | Logopeda Granada\",\"isPartOf\":{\"@id\":\"https:\/\/centrologopeda.com\/#website\"},\"primaryImageOfPage\":{\"@id\":\"https:\/\/centrologopeda.com\/disfonia\/#primaryimage\"},\"image\":{\"@id\":\"https:\/\/centrologopeda.com\/disfonia\/#primaryimage\"},\"thumbnailUrl\":\"https:\/\/centrologopeda.com\/wp-content\/uploads\/2023\/10\/Disfonia.png\",\"datePublished\":\"2023-10-16T11:33:16+00:00\",\"dateModified\":\"2023-12-04T10:45:11+00:00\",\"description\":\"Tratamiento experto para la disfon\u00eda en Granada. Mejora tu voz con nuestras terapias pedag\u00f3gicas personalizadas.\",\"breadcrumb\":{\"@id\":\"https:\/\/centrologopeda.com\/disfonia\/#breadcrumb\"},\"inLanguage\":\"en-US\",\"potentialAction\":[{\"@type\":\"ReadAction\",\"target\":[\"https:\/\/centrologopeda.com\/disfonia\/\"]}]},{\"@type\":\"ImageObject\",\"inLanguage\":\"en-US\",\"@id\":\"https:\/\/centrologopeda.com\/disfonia\/#primaryimage\",\"url\":\"https:\/\/centrologopeda.com\/wp-content\/uploads\/2023\/10\/Disfonia.png\",\"contentUrl\":\"https:\/\/centrologopeda.com\/wp-content\/uploads\/2023\/10\/Disfonia.png\",\"width\":800,\"height\":800,\"caption\":\"Disfon\u00eda Logopeda Granada\"},{\"@type\":\"BreadcrumbList\",\"@id\":\"https:\/\/centrologopeda.com\/disfonia\/#breadcrumb\",\"itemListElement\":[{\"@type\":\"ListItem\",\"position\":1,\"name\":\"Inicio\",\"item\":\"https:\/\/centrologopeda.com\/\"},{\"@type\":\"ListItem\",\"position\":2,\"name\":\"Disfon\u00eda\"}]},{\"@type\":\"WebSite\",\"@id\":\"https:\/\/centrologopeda.com\/#website\",\"url\":\"https:\/\/centrologopeda.com\/\",\"name\":\"Centro de Logopedia Infantil y Adultos\",\"description\":\"Centro de logopedia en Granada\",\"publisher\":{\"@id\":\"https:\/\/centrologopeda.com\/#organization\"},\"alternateName\":\"Logopeda Granada\",\"potentialAction\":[{\"@type\":\"SearchAction\",\"target\":{\"@type\":\"EntryPoint\",\"urlTemplate\":\"https:\/\/centrologopeda.com\/?s={search_term_string}\"},\"query-input\":{\"@type\":\"PropertyValueSpecification\",\"valueRequired\":true,\"valueName\":\"search_term_string\"}}],\"inLanguage\":\"en-US\"},{\"@type\":\"Organization\",\"@id\":\"https:\/\/centrologopeda.com\/#organization\",\"name\":\"Centro de Logopedia Infantil y Adultos\",\"alternateName\":\"Logopeda Granada\",\"url\":\"https:\/\/centrologopeda.com\/\",\"logo\":{\"@type\":\"ImageObject\",\"inLanguage\":\"en-US\",\"@id\":\"https:\/\/centrologopeda.com\/#\/schema\/logo\/image\/\",\"url\":\"https:\/\/centrologopeda.com\/wp-content\/uploads\/2023\/10\/Logotipo-1.jpg\",\"contentUrl\":\"https:\/\/centrologopeda.com\/wp-content\/uploads\/2023\/10\/Logotipo-1.jpg\",\"width\":1109,\"height\":687,\"caption\":\"Centro de Logopedia Infantil y Adultos\"},\"image\":{\"@id\":\"https:\/\/centrologopeda.com\/#\/schema\/logo\/image\/\"},\"sameAs\":[\"https:\/\/www.facebook.com\/logopedasamuelgranada\/\",\"https:\/\/www.instagram.com\/logopedagranada\/\",\"https:\/\/www.doctoralia.es\/samuel-roman-ortega\/logopeda\/granada\"]}]}<\/script>\n<!-- \/ Yoast SEO plugin. -->","yoast_head_json":{"title":"Disfon\u00eda | Logopeda Granada","description":"Tratamiento experto para la disfon\u00eda en Granada. Mejora tu voz con nuestras terapias pedag\u00f3gicas personalizadas.","robots":{"index":"index","follow":"follow","max-snippet":"max-snippet:-1","max-image-preview":"max-image-preview:large","max-video-preview":"max-video-preview:-1"},"canonical":"https:\/\/centrologopeda.com\/en\/disfonia\/","og_locale":"en_US","og_type":"article","og_title":"Disfon\u00eda | Logopeda Granada","og_description":"Tratamiento experto para la disfon\u00eda en Granada. Mejora tu voz con nuestras terapias pedag\u00f3gicas personalizadas.","og_url":"https:\/\/centrologopeda.com\/en\/disfonia\/","og_site_name":"Logopeda Granada","article_publisher":"https:\/\/www.facebook.com\/logopedasamuelgranada\/","article_modified_time":"2023-12-04T10:45:11+00:00","og_image":[{"width":800,"height":800,"url":"https:\/\/centrologopeda.com\/wp-content\/uploads\/2023\/10\/Disfonia.png","type":"image\/png"}],"twitter_card":"summary_large_image","twitter_misc":{"Est. reading time":"2 minutes"},"schema":{"@context":"https:\/\/schema.org","@graph":[{"@type":"WebPage","@id":"https:\/\/centrologopeda.com\/disfonia\/","url":"https:\/\/centrologopeda.com\/disfonia\/","name":"Disfon\u00eda | Logopeda Granada","isPartOf":{"@id":"https:\/\/centrologopeda.com\/#website"},"primaryImageOfPage":{"@id":"https:\/\/centrologopeda.com\/disfonia\/#primaryimage"},"image":{"@id":"https:\/\/centrologopeda.com\/disfonia\/#primaryimage"},"thumbnailUrl":"https:\/\/centrologopeda.com\/wp-content\/uploads\/2023\/10\/Disfonia.png","datePublished":"2023-10-16T11:33:16+00:00","dateModified":"2023-12-04T10:45:11+00:00","description":"Tratamiento experto para la disfon\u00eda en Granada. Mejora tu voz con nuestras terapias pedag\u00f3gicas personalizadas.","breadcrumb":{"@id":"https:\/\/centrologopeda.com\/disfonia\/#breadcrumb"},"inLanguage":"en-US","potentialAction":[{"@type":"ReadAction","target":["https:\/\/centrologopeda.com\/disfonia\/"]}]},{"@type":"ImageObject","inLanguage":"en-US","@id":"https:\/\/centrologopeda.com\/disfonia\/#primaryimage","url":"https:\/\/centrologopeda.com\/wp-content\/uploads\/2023\/10\/Disfonia.png","contentUrl":"https:\/\/centrologopeda.com\/wp-content\/uploads\/2023\/10\/Disfonia.png","width":800,"height":800,"caption":"Disfon\u00eda Logopeda Granada"},{"@type":"BreadcrumbList","@id":"https:\/\/centrologopeda.com\/disfonia\/#breadcrumb","itemListElement":[{"@type":"ListItem","position":1,"name":"Inicio","item":"https:\/\/centrologopeda.com\/"},{"@type":"ListItem","position":2,"name":"Disfon\u00eda"}]},{"@type":"WebSite","@id":"https:\/\/centrologopeda.com\/#website","url":"https:\/\/centrologopeda.com\/","name":"Speech Therapy Centre for Children and Adults","description":"Centro de logopedia en Granada","publisher":{"@id":"https:\/\/centrologopeda.com\/#organization"},"alternateName":"Logopeda Granada","potentialAction":[{"@type":"SearchAction","target":{"@type":"EntryPoint","urlTemplate":"https:\/\/centrologopeda.com\/?s={search_term_string}"},"query-input":{"@type":"PropertyValueSpecification","valueRequired":true,"valueName":"search_term_string"}}],"inLanguage":"en-US"},{"@type":"Organization","@id":"https:\/\/centrologopeda.com\/#organization","name":"Speech Therapy Centre for Children and Adults","alternateName":"Logopeda Granada","url":"https:\/\/centrologopeda.com\/","logo":{"@type":"ImageObject","inLanguage":"en-US","@id":"https:\/\/centrologopeda.com\/#\/schema\/logo\/image\/","url":"https:\/\/centrologopeda.com\/wp-content\/uploads\/2023\/10\/Logotipo-1.jpg","contentUrl":"https:\/\/centrologopeda.com\/wp-content\/uploads\/2023\/10\/Logotipo-1.jpg","width":1109,"height":687,"caption":"Centro de Logopedia Infantil y Adultos"},"image":{"@id":"https:\/\/centrologopeda.com\/#\/schema\/logo\/image\/"},"sameAs":["https:\/\/www.facebook.com\/logopedasamuelgranada\/","https:\/\/www.instagram.com\/logopedagranada\/","https:\/\/www.doctoralia.es\/samuel-roman-ortega\/logopeda\/granada"]}]}},"_links":{"self":[{"href":"https:\/\/centrologopeda.com\/en\/wp-json\/wp\/v2\/pages\/1604","targetHints":{"allow":["GET"]}}],"collection":[{"href":"https:\/\/centrologopeda.com\/en\/wp-json\/wp\/v2\/pages"}],"about":[{"href":"https:\/\/centrologopeda.com\/en\/wp-json\/wp\/v2\/types\/page"}],"author":[{"embeddable":true,"href":"https:\/\/centrologopeda.com\/en\/wp-json\/wp\/v2\/users\/1"}],"replies":[{"embeddable":true,"href":"https:\/\/centrologopeda.com\/en\/wp-json\/wp\/v2\/comments?post=1604"}],"version-history":[{"count":0,"href":"https:\/\/centrologopeda.com\/en\/wp-json\/wp\/v2\/pages\/1604\/revisions"}],"wp:featuredmedia":[{"embeddable":true,"href":"https:\/\/centrologopeda.com\/en\/wp-json\/wp\/v2\/media\/1746"}],"wp:attachment":[{"href":"https:\/\/centrologopeda.com\/en\/wp-json\/wp\/v2\/media?parent=1604"}],"curies":[{"name":"wp","href":"https:\/\/api.w.org\/{rel}","templated":true}]}}